{"id":563,"date":"2026-03-04T09:47:06","date_gmt":"2026-03-04T09:47:06","guid":{"rendered":"http:\/\/vbbecrh.cluster121.hosting.ovh.net\/?post_type=product&#038;p=563"},"modified":"2026-03-04T09:50:01","modified_gmt":"2026-03-04T09:50:01","slug":"coffret-anti-age-mesoestetic","status":"publish","type":"product","link":"https:\/\/knistudio.fr\/index.php\/produit\/coffret-anti-age-mesoestetic\/","title":{"rendered":"Coffret Anti-\u00e2ge Mesoestetic\u00ae"},"content":{"rendered":"<p data-start=\"289\" data-end=\"555\"><strong>Routine anti-\u00e2ge<\/strong> exclusive incluant une phase de nettoyage qui respecte l\u2019\u00e9quilibre de la peau et une phase de traitement r\u00e9g\u00e9n\u00e9ratrice et retexturisante. Sa combinaison unique d\u2019actifs \u00e0 action \u00e9pig\u00e9n\u00e9tique r\u00e9duit l\u2019apparence des rides et des lignes d\u2019expression.<\/p>\n<p data-start=\"557\" data-end=\"586\">Le coffret est compos\u00e9 de :<\/p>\n<ul data-start=\"587\" data-end=\"1257\" data-is-last-node=\"\" data-is-only-node=\"\">\n<li data-start=\"587\" data-end=\"662\">\n<p data-start=\"589\" data-end=\"662\"><strong data-start=\"589\" data-end=\"609\">brightening foam<\/strong> : nettoyant r\u00e9novateur pour une peau douce. 100 ml<\/p>\n<\/li>\n<li data-start=\"663\" data-end=\"817\">\n<p data-start=\"665\" data-end=\"817\"><strong data-start=\"665\" data-end=\"714\">minisize age element anti-wrinkle concentrate<\/strong> : s\u00e9rum concentr\u00e9 \u00e0 action r\u00e9g\u00e9n\u00e9ratrice intensive contre les rides et les lignes d\u2019expression. 5 ml<\/p>\n<\/li>\n<li data-start=\"818\" data-end=\"916\">\n<p data-start=\"820\" data-end=\"916\"><strong data-start=\"820\" data-end=\"835\">aox ferulic<\/strong> : concentr\u00e9 antioxydant ultra-avanc\u00e9 \u00e0 action anti-\u00e2ge et illuminatrice. 15 ml<\/p>\n<\/li>\n<li data-start=\"917\" data-end=\"1096\">\n<p data-start=\"919\" data-end=\"1096\"><strong data-start=\"919\" data-end=\"953\">age element anti-wrinkle cream<\/strong> : cr\u00e8me pour une peau plus lisse et sans imperfections. Son action aide \u00e0 prot\u00e9ger et \u00e0 corriger les rides et les lignes d\u2019expression. 50 ml<\/p>\n<\/li>\n<li data-start=\"1097\" data-end=\"1257\" data-is-last-node=\"\">\n<p data-start=\"1099\" data-end=\"1257\" data-is-last-node=\"\"><strong data-start=\"1099\" data-end=\"1132\">Masseur facial double roll-on<\/strong> : favorise l\u2019absorption des actifs, active la microcirculation et procure un effet tonifiant, raffermissant et revitalisant.<\/p>\n<\/li>\n<li><strong data-start=\"1099\" data-end=\"1132\">Trousse<\/strong><\/li>\n<\/ul>\n","protected":false},"excerpt":{"rendered":"<h6>age element\u00ae anti-wrinkle routine<\/h6>\n<p>Coffret anti-\u00e2ge exclusif comprenant une <strong>phase de nettoyage<\/strong> et une <strong>phase de traitement<\/strong> pour celles et ceux qui recherchent une peau plus lisse et sans imperfections.<\/p>\n","protected":false},"featured_media":565,"comment_status":"open","ping_status":"closed","template":"","meta":[],"product_brand":[],"product_cat":[20],"product_tag":[],"class_list":{"0":"post-563","1":"product","2":"type-product","3":"status-publish","4":"has-post-thumbnail","6":"product_cat-soins-visage-professionnels","8":"first","9":"instock","10":"shipping-taxable","11":"purchasable","12":"product-type-simple"},"_links":{"self":[{"href":"https:\/\/knistudio.fr\/index.php\/wp-json\/wp\/v2\/product\/563","targetHints":{"allow":["GET"]}}],"collection":[{"href":"https:\/\/knistudio.fr\/index.php\/wp-json\/wp\/v2\/product"}],"about":[{"href":"https:\/\/knistudio.fr\/index.php\/wp-json\/wp\/v2\/types\/product"}],"replies":[{"embeddable":true,"href":"https:\/\/knistudio.fr\/index.php\/wp-json\/wp\/v2\/comments?post=563"}],"wp:featuredmedia":[{"embeddable":true,"href":"https:\/\/knistudio.fr\/index.php\/wp-json\/wp\/v2\/media\/565"}],"wp:attachment":[{"href":"https:\/\/knistudio.fr\/index.php\/wp-json\/wp\/v2\/media?parent=563"}],"wp:term":[{"taxonomy":"product_brand","embeddable":true,"href":"https:\/\/knistudio.fr\/index.php\/wp-json\/wp\/v2\/product_brand?post=563"},{"taxonomy":"product_cat","embeddable":true,"href":"https:\/\/knistudio.fr\/index.php\/wp-json\/wp\/v2\/product_cat?post=563"},{"taxonomy":"product_tag","embeddable":true,"href":"https:\/\/knistudio.fr\/index.php\/wp-json\/wp\/v2\/product_tag?post=563"}],"curies":[{"name":"wp","href":"https:\/\/api.w.org\/{rel}","templated":true}]}}