{"id":560,"date":"2026-03-04T09:42:13","date_gmt":"2026-03-04T09:42:13","guid":{"rendered":"http:\/\/vbbecrh.cluster121.hosting.ovh.net\/?post_type=product&#038;p=560"},"modified":"2026-03-04T09:45:25","modified_gmt":"2026-03-04T09:45:25","slug":"chlorofil-complement-alimentaire-metabolisme","status":"publish","type":"product","link":"https:\/\/knistudio.fr\/index.php\/produit\/chlorofil-complement-alimentaire-metabolisme\/","title":{"rendered":"Chlorofil Compl\u00e9ment Alimentaire M\u00e9tabolisme"},"content":{"rendered":"<div class=\"MuiPaper-root MuiPaper-elevation MuiPaper-elevation1 MuiCard-root mui-70uiun\">\n<div class=\"MuiCardContent-root mui-13o5m5e\">\n<div class=\"MuiPaper-root MuiPaper-elevation MuiPaper-elevation1 MuiCard-root mui-70uiun\">\n<div class=\"MuiCardContent-root mui-13o5m5e\">\n<div class=\"MuiPaper-root MuiPaper-elevation MuiPaper-elevation1 MuiCard-root mui-70uiun\">\n<div class=\"MuiCardContent-root mui-13o5m5e\">\n<div class=\"mui-1l7wi63\">\n<div class=\"MuiBox-root mui-14m555d\">\n<div class=\"MuiBox-root mui-0\">\n<div>\n<p dir=\"ltr\"><b><strong>Ingr\u00e9dients\u202f:<\/strong><\/b> eau purifi\u00e9e, complexe cuivrique de la chlorophylline sodique 20%, chlorella (Chlorella vulgaris) standardis\u00e9e \u00e0 50% pour la teneur en prot\u00e9ines, extrait de jus d\u2019orge (Hordeum vulgare) 25:1, huile de menthe (Mentha piperita), extrait de luzerne (Medicago sativa) 10:1, glyc\u00e9rine v\u00e9g\u00e9tale \u2013 stabilisant.<\/p>\n<p dir=\"ltr\"><b><strong>Mode d\u2019utilisation\u202f:<\/strong><\/b> 10 \u00e0 20 ml une fois par jour avant le repas. Secouez avant chaque utilisation. Ne pas d\u00e9passer la portion recommand\u00e9e pour une consommation au cours de la journ\u00e9e. Le produit ne peut pas \u00eatre utilis\u00e9 en remplacement d\u2019un r\u00e9gime alimentaire vari\u00e9. Une alimentation \u00e9quilibr\u00e9e et un mode de vie sain sont essentiels au bon fonctionnement du corps.<\/p>\n<\/div>\n<\/div>\n<\/div>\n<\/div>\n<\/div>\n<\/div>\n<\/div>\n<\/div>\n<\/div>\n<\/div>\n","protected":false},"excerpt":{"rendered":"<div class=\"mui-iva2mk\">\n<div class=\"MuiBox-root mui-1wpjdsl\">\n<div class=\"MuiTypography-root MuiTypography-body1 mui-1pwm0v0\">\n<div class=\"MuiBox-root mui-0\">\n<div>\n<p dir=\"ltr\"><b><strong>DUOLIFE Chlorofil<\/strong><\/b>\u202fest un compl\u00e9ment alimentaire liquide compos\u00e9 d\u2019ingr\u00e9dients d\u2019origine naturelle soigneusement s\u00e9lectionn\u00e9s, qui forment une composition unique suivant les principes de synergie.<\/p>\n<p dir=\"ltr\">Le produit DUOLIFE Chlorofil est une combinaison de complexe cuivrique de la chlorophylline sodique, de chlorella, d\u2019huile de menthe et de deux extraits v\u00e9g\u00e9taux (le jus d\u2019orge et la luzerne).<\/p>\n<\/div>\n<\/div>\n<\/div>\n<\/div>\n<\/div>\n","protected":false},"featured_media":561,"comment_status":"open","ping_status":"closed","template":"","meta":[],"product_brand":[],"product_cat":[22],"product_tag":[],"class_list":{"0":"post-560","1":"product","2":"type-product","3":"status-publish","4":"has-post-thumbnail","6":"product_cat-soins-corps","8":"first","9":"instock","10":"shipping-taxable","11":"purchasable","12":"product-type-simple"},"_links":{"self":[{"href":"https:\/\/knistudio.fr\/index.php\/wp-json\/wp\/v2\/product\/560","targetHints":{"allow":["GET"]}}],"collection":[{"href":"https:\/\/knistudio.fr\/index.php\/wp-json\/wp\/v2\/product"}],"about":[{"href":"https:\/\/knistudio.fr\/index.php\/wp-json\/wp\/v2\/types\/product"}],"replies":[{"embeddable":true,"href":"https:\/\/knistudio.fr\/index.php\/wp-json\/wp\/v2\/comments?post=560"}],"wp:featuredmedia":[{"embeddable":true,"href":"https:\/\/knistudio.fr\/index.php\/wp-json\/wp\/v2\/media\/561"}],"wp:attachment":[{"href":"https:\/\/knistudio.fr\/index.php\/wp-json\/wp\/v2\/media?parent=560"}],"wp:term":[{"taxonomy":"product_brand","embeddable":true,"href":"https:\/\/knistudio.fr\/index.php\/wp-json\/wp\/v2\/product_brand?post=560"},{"taxonomy":"product_cat","embeddable":true,"href":"https:\/\/knistudio.fr\/index.php\/wp-json\/wp\/v2\/product_cat?post=560"},{"taxonomy":"product_tag","embeddable":true,"href":"https:\/\/knistudio.fr\/index.php\/wp-json\/wp\/v2\/product_tag?post=560"}],"curies":[{"name":"wp","href":"https:\/\/api.w.org\/{rel}","templated":true}]}}