{"id":556,"date":"2026-03-04T09:38:46","date_gmt":"2026-03-04T09:38:46","guid":{"rendered":"http:\/\/vbbecrh.cluster121.hosting.ovh.net\/?post_type=product&#038;p=556"},"modified":"2026-03-04T09:40:55","modified_gmt":"2026-03-04T09:40:55","slug":"collagene-complement-alimentaire","status":"publish","type":"product","link":"https:\/\/knistudio.fr\/index.php\/produit\/collagene-complement-alimentaire\/","title":{"rendered":"Collag\u00e8ne Compl\u00e9ment Alimentaire"},"content":{"rendered":"<div class=\"mui-1l7wi63\">\n<div class=\"MuiBox-root mui-1xh967z\">\n<div class=\"MuiBox-root mui-0\">\n<div>\n<p dir=\"ltr\"><b><strong>Ingr\u00e9dients\u202f:<\/strong><\/b> Pur\u00e9e de mangues, collag\u00e8ne marin (2500 mg\/50 ml), sulfate de glucosamine de crustac\u00e9s (1000 mg\/50 ml), extrait de fruits d\u2019ac\u00e9rola (Malpighia glabra) 50:1 standardis\u00e9 \u00e0 50\u202f% pour la teneur en vitamine C, sulfate de chondro\u00eftine de requin(300 mg\/50 ml), extrait d\u2019ortie (Urtica dioica) 20:1 (250 mg\/50 ml), extrait de pousses de bambou (Bambusa vulgaris) 20:1 (200 mg\/50 ml) standardis\u00e9 \u00e0 70\u202f% pour la teneur en silice, extrait de pr\u00eale des champs (Equisetum arvense) 20:1 (150 mg\/50 ml) standardis\u00e9 \u00e0 7% pour la teneur en silice, acide\u00a0Hyaluronique (en tant que hyaluronate de sodium) &#8211; 50 mg\/50 ml.<\/p>\n<div class=\"mui-1l7wi63\">\n<div class=\"MuiBox-root mui-14m555d\">\n<div class=\"MuiBox-root mui-0\">\n<div>\n<p dir=\"ltr\"><b><strong>Mode d\u2019utilisation\u202f:<\/strong><\/b> 25 \u00e0 50 ml une fois par jour avant le repas. Secouez avant chaque utilisation. Ne pas d\u00e9passer la portion recommand\u00e9e pour une consommation au cours de la journ\u00e9e. Le produit ne peut pas \u00eatre utilis\u00e9 en remplacement d\u2019un r\u00e9gime alimentaire vari\u00e9. Une alimentation \u00e9quilibr\u00e9e et un mode de vie sain sont essentiels au bon fonctionnement du corps.<\/p>\n<p dir=\"ltr\">25-50ml = env. 2-4 cuill\u00e8res<\/p>\n<\/div>\n<\/div>\n<\/div>\n<\/div>\n<\/div>\n<\/div>\n<\/div>\n<\/div>\n","protected":false},"excerpt":{"rendered":"<div class=\"mui-iva2mk\">\n<div class=\"MuiBox-root mui-1wpjdsl\">\n<div class=\"MuiTypography-root MuiTypography-body1 mui-1pwm0v0\">\n<div class=\"MuiBox-root mui-0\">\n<div>\n<p dir=\"ltr\"><b><strong>DUOLIFE Collagen<\/strong><\/b> est un compl\u00e9ment alimentaire sous forme liquide, compos\u00e9 de 9 ingr\u00e9dients d\u2019origine naturelle soigneusement s\u00e9lectionn\u00e9s, qui forment une composition unique selon les principes de la synergie. Le compl\u00e9ment alimentaire DUOLIFE Collagen est une combinaison de collag\u00e8ne marin, de sulfate de glucosamine de crustac\u00e9s, de sulfate de chondro\u00eftine de requin, d\u2019acide hyaluronique et d\u2019extraits v\u00e9g\u00e9taux d\u2019ac\u00e9rola, de pousses de bambou et de pr\u00eale des champs. .<\/p>\n<ul>\n<li dir=\"ltr\" value=\"1\">Il aide \u00e0 la production normale de collag\u00e8ne pour assurer le fonctionnement normal des os, des cartilages, des gencives, des dents, de la peau et des vaisseaux sanguins (vitamine C).<\/li>\n<li dir=\"ltr\" value=\"2\">Il aide \u00e0 maintenir les cheveux, les ongles et la peau en \u00e9tat optimal.<\/li>\n<\/ul>\n<\/div>\n<\/div>\n<\/div>\n<\/div>\n<\/div>\n","protected":false},"featured_media":558,"comment_status":"open","ping_status":"closed","template":"","meta":[],"product_brand":[],"product_cat":[22],"product_tag":[],"class_list":{"0":"post-556","1":"product","2":"type-product","3":"status-publish","4":"has-post-thumbnail","6":"product_cat-soins-corps","8":"first","9":"instock","10":"shipping-taxable","11":"purchasable","12":"product-type-simple"},"_links":{"self":[{"href":"https:\/\/knistudio.fr\/index.php\/wp-json\/wp\/v2\/product\/556","targetHints":{"allow":["GET"]}}],"collection":[{"href":"https:\/\/knistudio.fr\/index.php\/wp-json\/wp\/v2\/product"}],"about":[{"href":"https:\/\/knistudio.fr\/index.php\/wp-json\/wp\/v2\/types\/product"}],"replies":[{"embeddable":true,"href":"https:\/\/knistudio.fr\/index.php\/wp-json\/wp\/v2\/comments?post=556"}],"wp:featuredmedia":[{"embeddable":true,"href":"https:\/\/knistudio.fr\/index.php\/wp-json\/wp\/v2\/media\/558"}],"wp:attachment":[{"href":"https:\/\/knistudio.fr\/index.php\/wp-json\/wp\/v2\/media?parent=556"}],"wp:term":[{"taxonomy":"product_brand","embeddable":true,"href":"https:\/\/knistudio.fr\/index.php\/wp-json\/wp\/v2\/product_brand?post=556"},{"taxonomy":"product_cat","embeddable":true,"href":"https:\/\/knistudio.fr\/index.php\/wp-json\/wp\/v2\/product_cat?post=556"},{"taxonomy":"product_tag","embeddable":true,"href":"https:\/\/knistudio.fr\/index.php\/wp-json\/wp\/v2\/product_tag?post=556"}],"curies":[{"name":"wp","href":"https:\/\/api.w.org\/{rel}","templated":true}]}}