{"id":548,"date":"2026-03-04T09:22:17","date_gmt":"2026-03-04T09:22:17","guid":{"rendered":"http:\/\/vbbecrh.cluster121.hosting.ovh.net\/?post_type=product&#038;p=548"},"modified":"2026-03-04T09:24:36","modified_gmt":"2026-03-04T09:24:36","slug":"gel-creme-de-nuit-pour-lacne","status":"publish","type":"product","link":"https:\/\/knistudio.fr\/index.php\/produit\/gel-creme-de-nuit-pour-lacne\/","title":{"rendered":"Gel-cr\u00e8me de Nuit Traitement Acn\u00e9"},"content":{"rendered":"<p>Pr\u00e9vient et contr\u00f4le l\u2019apparition d\u2019imperfections de type acn\u00e9ique.<\/p>\n<p>D\u00e9sobstrue les pores et r\u00e9duit l\u2019exc\u00e8s de s\u00e9bum.<\/p>\n<p>Sa formule \u00e0 10 % d\u2019acide az\u00e9la\u00efque et r\u00e9tinol liposom\u00e9 stimule le renouvellement de la peau et r\u00e9gule la production de s\u00e9bum. Il comprend le complexe blemiclear complex con\u00e7u pour r\u00e9guler les m\u00e9canismes cellulaires \u00e0 l\u2019origine des imperfections.<\/p>\n<p><em>La liste des ingr\u00e9dients peut \u00eatre soumise \u00e0 des modifications, nous vous conseillons de v\u00e9rifier la liste figurant sur le produit achet\u00e9.<\/em><br \/>\n<em>Aqua, Dipropylene, Glycol, Disodium Azelate, Caprylic\/Capric Triglyceride, Propanediol, Ethoxydiglycol, Alcohol denat., Polyacrylate Crosspolymer-6, Salicylic Acid, Mandelic Acid, Shikimic Acid, Sphingomonas Ferment Extraxt, Epigallocatechin Gallate, Bioflavonoids, Serenoa Serrulata Fruit Extraxt, Phosphatidylcholine, Cholesterol, Isostearyl Alcohol, Retinol, Tocophersolan, 1,2-Heptanediol, Butylene Glycol, Glycerin, Ethylhexylglycerin, Arachidyl Alcohol, Butylene Glycol, Cocoate, Behenyl Alcohol, Arachidyl, Glucoside, Xanthan Gum, Mannitol, Ethylcellulose, Hectorite, Hydroxyethylcellulose, Poloxamer 338, Poloxamer 235, Polysorbate 20, Disodium EDTA, BHA, BHT, Sodium Benzoate, Potassium Sorbate, Phenoxyethanol.<\/em><\/p>\n","protected":false},"excerpt":{"rendered":"<div class=\"product attribute overview\">\n<div class=\"value\">Gel cr\u00e8me de nuit pour peaux grasses \u00e0 imperfections acn\u00e9iques.<\/div>\n<div class=\"value\">D\u00e9sobstrue les pores et r\u00e9duit l\u2019exc\u00e8s de s\u00e9bum.<\/div>\n<\/div>\n<div class=\"summary-review-wrapper\">\n<div class=\"product attribute size\">\n<div class=\"value\">50 ml<\/div>\n<\/div>\n<\/div>\n","protected":false},"featured_media":550,"comment_status":"open","ping_status":"closed","template":"","meta":[],"product_brand":[],"product_cat":[20],"product_tag":[],"class_list":{"0":"post-548","1":"product","2":"type-product","3":"status-publish","4":"has-post-thumbnail","6":"product_cat-soins-visage-professionnels","8":"first","9":"instock","10":"shipping-taxable","11":"purchasable","12":"product-type-simple"},"_links":{"self":[{"href":"https:\/\/knistudio.fr\/index.php\/wp-json\/wp\/v2\/product\/548","targetHints":{"allow":["GET"]}}],"collection":[{"href":"https:\/\/knistudio.fr\/index.php\/wp-json\/wp\/v2\/product"}],"about":[{"href":"https:\/\/knistudio.fr\/index.php\/wp-json\/wp\/v2\/types\/product"}],"replies":[{"embeddable":true,"href":"https:\/\/knistudio.fr\/index.php\/wp-json\/wp\/v2\/comments?post=548"}],"wp:featuredmedia":[{"embeddable":true,"href":"https:\/\/knistudio.fr\/index.php\/wp-json\/wp\/v2\/media\/550"}],"wp:attachment":[{"href":"https:\/\/knistudio.fr\/index.php\/wp-json\/wp\/v2\/media?parent=548"}],"wp:term":[{"taxonomy":"product_brand","embeddable":true,"href":"https:\/\/knistudio.fr\/index.php\/wp-json\/wp\/v2\/product_brand?post=548"},{"taxonomy":"product_cat","embeddable":true,"href":"https:\/\/knistudio.fr\/index.php\/wp-json\/wp\/v2\/product_cat?post=548"},{"taxonomy":"product_tag","embeddable":true,"href":"https:\/\/knistudio.fr\/index.php\/wp-json\/wp\/v2\/product_tag?post=548"}],"curies":[{"name":"wp","href":"https:\/\/api.w.org\/{rel}","templated":true}]}}