{"id":545,"date":"2026-03-04T09:19:20","date_gmt":"2026-03-04T09:19:20","guid":{"rendered":"http:\/\/vbbecrh.cluster121.hosting.ovh.net\/?post_type=product&#038;p=545"},"modified":"2026-03-04T09:20:32","modified_gmt":"2026-03-04T09:20:32","slug":"gel-creme-rafraichissant","status":"publish","type":"product","link":"https:\/\/knistudio.fr\/index.php\/produit\/gel-creme-rafraichissant\/","title":{"rendered":"Gel-cr\u00e8me Rafra\u00eechissant"},"content":{"rendered":"<p>Gel-cr\u00e8me hydratant rafra\u00eechissant et revitalisant. Il offre une hydratation imm\u00e9diate et longue dur\u00e9e, tout en prot\u00e9geant la peau des agressions ext\u00e9rieures, telles que la pollution.<\/p>\n<p><strong>HYDRATATION IMM\u00c9DIATE ET LONGUE DUR\u00c9E<\/strong> : la combinaison d&rsquo;AH r\u00e9ticul\u00e9, au poids mol\u00e9culaire \u00e9lev\u00e9 et moyen, permet une hydratation imm\u00e9diate et \u00e0 long terme, et offre luminosit\u00e9 et douceur instantan\u00e9e au visage, tout en pr\u00e9venant la d\u00e9shydratation.<\/p>\n<p><strong>ANTI-POLLUTION, ANTIOXYDANT<\/strong> : urban D-tox, un actif biotechnologique, cr\u00e9e d&rsquo;une part une couche protectrice qui emp\u00eache l&rsquo;adh\u00e9rence de particules polluantes sur la peau et, d&rsquo;autre part, la prot\u00e8ge du stress oxydatif.<\/p>\n<p><strong>FONCTION BARRI\u00c8RE<\/strong> : un polysaccharide d&rsquo;origine v\u00e9g\u00e9tale stimule la formation de mol\u00e9cules qui aident \u00e0 renforcer la fonction barri\u00e8re de la peau et pr\u00e9viennent ainsi la perte en eau trans\u00e9pidermique.<\/p>\n<p>La liste des ingr\u00e9dients peut \u00eatre soumise \u00e0 des modifications, nous vous conseillons de v\u00e9rifier la liste figurant sur le produit achet\u00e9.<br \/>\nAqua, Dipropylene Glycol, Alcohol denat., Glycereth-26, Glycerin, Coco-Caprylate\/Caprate, Hydroxyethyl Acrylate\/Sodium Acryloyldimethyl Taurate Copolymer, Caprylic\/Capric Triglyceride, Isodecyl Neopentanoate, Sodium Hyaluronate, Sodium Hyaluronate Crosspolymer, Malachite Extract, Alteromonas Ferment Extract, Saccharide Isomerate, Squalane, Hydrogenated Olive Oil Unsaponifiables, Pentaerythrityl Tetraisostearate, Biosaccharide Gum-1, Butylene Glycol, Polysorbate 60, Ethylhexylglycerin, Sorbitan Isostearate, Pentylene Glycol, Dimethicone, Dimethicone Crosspolymer, Sodium Citrate, Xanthan Gum, Sodium Metabisulfite, Phenoxyethanol, Parfum<\/p>\n","protected":false},"excerpt":{"rendered":"<div class=\"product attribute overview\">\n<div class=\"value\">\n<p>Gel-cr\u00e8me hydratant rafra\u00eechissant et revitalisant. I<\/p>\n<p>Hydratation imm\u00e9diate et longue dur\u00e9e, tout en prot\u00e9geant la peau des agressions ext\u00e9rieures, telles que la pollution. Sentiment de fra\u00eecheur, de douceur et de confort imm\u00e9diat.<\/p>\n<p>Peaux normales, mixtes et grasses.<\/p>\n<\/div>\n<\/div>\n<div class=\"summary-review-wrapper\">\n<div class=\"product attribute size\">\n<div class=\"value\">50 ml<\/div>\n<\/div>\n<\/div>\n","protected":false},"featured_media":546,"comment_status":"open","ping_status":"closed","template":"","meta":[],"product_brand":[],"product_cat":[20],"product_tag":[],"class_list":{"0":"post-545","1":"product","2":"type-product","3":"status-publish","4":"has-post-thumbnail","6":"product_cat-soins-visage-professionnels","8":"first","9":"instock","10":"shipping-taxable","11":"purchasable","12":"product-type-simple"},"_links":{"self":[{"href":"https:\/\/knistudio.fr\/index.php\/wp-json\/wp\/v2\/product\/545","targetHints":{"allow":["GET"]}}],"collection":[{"href":"https:\/\/knistudio.fr\/index.php\/wp-json\/wp\/v2\/product"}],"about":[{"href":"https:\/\/knistudio.fr\/index.php\/wp-json\/wp\/v2\/types\/product"}],"replies":[{"embeddable":true,"href":"https:\/\/knistudio.fr\/index.php\/wp-json\/wp\/v2\/comments?post=545"}],"wp:featuredmedia":[{"embeddable":true,"href":"https:\/\/knistudio.fr\/index.php\/wp-json\/wp\/v2\/media\/546"}],"wp:attachment":[{"href":"https:\/\/knistudio.fr\/index.php\/wp-json\/wp\/v2\/media?parent=545"}],"wp:term":[{"taxonomy":"product_brand","embeddable":true,"href":"https:\/\/knistudio.fr\/index.php\/wp-json\/wp\/v2\/product_brand?post=545"},{"taxonomy":"product_cat","embeddable":true,"href":"https:\/\/knistudio.fr\/index.php\/wp-json\/wp\/v2\/product_cat?post=545"},{"taxonomy":"product_tag","embeddable":true,"href":"https:\/\/knistudio.fr\/index.php\/wp-json\/wp\/v2\/product_tag?post=545"}],"curies":[{"name":"wp","href":"https:\/\/api.w.org\/{rel}","templated":true}]}}