{"id":538,"date":"2026-03-04T08:18:03","date_gmt":"2026-03-04T08:18:03","guid":{"rendered":"http:\/\/vbbecrh.cluster121.hosting.ovh.net\/?post_type=product&#038;p=538"},"modified":"2026-03-04T08:58:54","modified_gmt":"2026-03-04T08:58:54","slug":"mousse-nettoyante-visage","status":"publish","type":"product","link":"https:\/\/knistudio.fr\/index.php\/produit\/mousse-nettoyante-visage\/","title":{"rendered":"Mousse Nettoyante Visage"},"content":{"rendered":"<p>Mousse nettoyante cr\u00e9meuse \u00e0 base d\u2019AHA. Peaux normales et mixtes. R\u00e9novatrice, r\u00e9\u00e9quilibrante et anti-pollution.<\/p>\n<div class=\"tile cols-md-4\">\n<h6 class=\"subtitle t-h4\">R\u00c9NOVATRICE, COUP D\u2019\u00c9CLAT :<\/h6>\n<p>La pr\u00e9sence d\u2019acide glycolique et d\u2019acide lactique \u00e0 une concentration douce permet d\u2019am\u00e9liorer la texture, la qualit\u00e9 et la luminosit\u00e9 de la peau.<\/p>\n<\/div>\n<div class=\"tile cols-md-4\">\n<h6 class=\"subtitle t-h4\">GEL-CR\u00c8ME NETTOYANT POUR LE VISAGE \u00c9QUILIBRANT ET ANTI-POLLUTION :<\/h6>\n<p>\u00c0 base d\u2019acide glycolique et d\u2019acide lactique, ce produit provoque une l\u00e9g\u00e8re action r\u00e9novatrice de la surface cutan\u00e9e pour renforcer la luminosit\u00e9 et la douceur de la peau.<\/p>\n<\/div>\n<div class=\"tile cols-md-4\">\n<h6 class=\"subtitle t-h4\">S\u00c9CURIT\u00c9 ET HAUTE TOL\u00c9RANCE :<\/h6>\n<p>La s\u00e9curit\u00e9 et tol\u00e9rance cutan\u00e9e de nos produits sont soumis \u00e0 des essais rigoureux r\u00e9alis\u00e9s par des experts ind\u00e9pendants: test\u00e9s sous contr\u00f4le dermatologique.<\/p>\n<p>La liste des ingr\u00e9dients peut \u00eatre soumise \u00e0 des modifications, nous vous conseillons de v\u00e9rifier la liste figurant sur le produit achet\u00e9.<br \/>\nAqua, Sodium Laureth Sulfate, Acrylamide\/Sodium Acryloyldimethyltaurate Copolymer, Cocamidopropyl Betaine, Cocamide DEA, Isohexadecane, Glycolic Acid, PEG-7 Glyceryl Cocoate, Sodium Hydroxide, Sodium Chloride, Isopropyl Myristate, Aloe Barbadensis Leaf Juice, Lactobacillus Ferment, Alteromonas Ferment Extract, Glycerin, Lactic Acid, Ethylhexylglycerin, Polysorbate 80, PEG-20 Methyl Glucose Sesquistearate, Butylene Glycol, Sorbitan Oleate, Glycol Distearate, Tocopherol, Maltodextrin, Cocamide MEA, Laureth-10, Disodium EDTA, Phenoxyethanol, Sodium Benzoate, Benzoic Acid, Potassium Sorbate, Parfum.<\/p>\n<\/div>\n","protected":false},"excerpt":{"rendered":"<div class=\"product attribute overview\">\n<div class=\"value\">\n<p>Mousse nettoyante cr\u00e9meuse \u00e0 base d\u2019AHA. R\u00e9novatrice, r\u00e9\u00e9quilibrante et anti-pollution.<\/p>\n<p>Peaux normales et mixtes.<\/p>\n<\/div>\n<\/div>\n<div class=\"summary-review-wrapper\">\n<div class=\"product attribute size\">\n<div class=\"value\">100 ml<\/div>\n<\/div>\n<\/div>\n","protected":false},"featured_media":540,"comment_status":"open","ping_status":"closed","template":"","meta":[],"product_brand":[],"product_cat":[20],"product_tag":[],"class_list":{"0":"post-538","1":"product","2":"type-product","3":"status-publish","4":"has-post-thumbnail","6":"product_cat-soins-visage-professionnels","8":"first","9":"instock","10":"shipping-taxable","11":"purchasable","12":"product-type-simple"},"_links":{"self":[{"href":"https:\/\/knistudio.fr\/index.php\/wp-json\/wp\/v2\/product\/538","targetHints":{"allow":["GET"]}}],"collection":[{"href":"https:\/\/knistudio.fr\/index.php\/wp-json\/wp\/v2\/product"}],"about":[{"href":"https:\/\/knistudio.fr\/index.php\/wp-json\/wp\/v2\/types\/product"}],"replies":[{"embeddable":true,"href":"https:\/\/knistudio.fr\/index.php\/wp-json\/wp\/v2\/comments?post=538"}],"wp:featuredmedia":[{"embeddable":true,"href":"https:\/\/knistudio.fr\/index.php\/wp-json\/wp\/v2\/media\/540"}],"wp:attachment":[{"href":"https:\/\/knistudio.fr\/index.php\/wp-json\/wp\/v2\/media?parent=538"}],"wp:term":[{"taxonomy":"product_brand","embeddable":true,"href":"https:\/\/knistudio.fr\/index.php\/wp-json\/wp\/v2\/product_brand?post=538"},{"taxonomy":"product_cat","embeddable":true,"href":"https:\/\/knistudio.fr\/index.php\/wp-json\/wp\/v2\/product_cat?post=538"},{"taxonomy":"product_tag","embeddable":true,"href":"https:\/\/knistudio.fr\/index.php\/wp-json\/wp\/v2\/product_tag?post=538"}],"curies":[{"name":"wp","href":"https:\/\/api.w.org\/{rel}","templated":true}]}}