{"id":503,"date":"2026-02-26T16:16:03","date_gmt":"2026-02-26T16:16:03","guid":{"rendered":"http:\/\/vbbecrh.cluster121.hosting.ovh.net\/?post_type=product&#038;p=503"},"modified":"2026-03-04T08:00:25","modified_gmt":"2026-03-04T08:00:25","slug":"creme-de-soin-couperose","status":"publish","type":"product","link":"https:\/\/knistudio.fr\/index.php\/produit\/creme-de-soin-couperose\/","title":{"rendered":"Cr\u00e8me Soin Couperose"},"content":{"rendered":"<p>Cr\u00e8me hydratante qui att\u00e9nue la fragilit\u00e9 capillaire et les rougeurs des peaux sensibles sujettes \u00e0 la couperose. Renforce les capillaires, diminue l&rsquo;intensit\u00e9 des rougeurs et des t\u00e9langiectasies.<\/p>\n<p><strong>ANTI-ROUGEURS :<\/strong> l&rsquo;association des extraits de m\u00e9lilot, de ruscus, de myrtilles, d&rsquo;hesp\u00e9ridine et d&rsquo;escine exerce une puissante action anti-inflammatoire et vasoprotectrice, qui \u00e9limine les rougeurs visibles et renforce les capillaires. Am\u00e9liore l&rsquo;aspect de la peau et lui apporte uniformit\u00e9 et douceur.<\/p>\n<p><strong>HYDRATANTE ET RELIPIDANTE :<\/strong> riche en squalane et panth\u00e9nol, nourrit la peau en lui apportant davantage d&rsquo;\u00e9lasticit\u00e9. Pr\u00e9vient \u00e9galement la desquamation et les irritations cutan\u00e9es.<\/p>\n<p><strong>BIO-\u00c9QUILIBRANTE :<\/strong> la pr\u00e9sence d&rsquo;un pr\u00e9biotique, l&rsquo;ac\u00e9tyl heptapeptide-4, favorise l&rsquo;\u00e9quilibre du microbiote et la pr\u00e9sence de bact\u00e9ries b\u00e9n\u00e9fiques afin de renforcer la fonction barri\u00e8re, et donc le syst\u00e8me de d\u00e9fense naturelle de la peau.<\/p>\n<p><strong>ANTIOXYDANTE :<\/strong> le t\u00e9trapeptide-2 offre une protection contre l&rsquo;oxydation produite par les principales esp\u00e8ces r\u00e9actives r\u00e9sultant de l&rsquo;exposition quotidienne \u00e0 des agents externes.<\/p>\n<p>La liste des ingr\u00e9dients peut \u00eatre soumise \u00e0 des modifications, nous vous conseillons de v\u00e9rifier la liste figurant sur le produit achet\u00e9.<br \/>\nAqua, Glycerin, Caprylic\/Capric Triglyceride, Decyl Oleate, Cetearyl Alcohol, Coco-Caprylate\/Caprate, Squalane, Butylene Glycol, Dimethicone, Panthenol, Ruscus Aculeatus Root Extract, Melilotus Officinalis Extract, Vaccinium Myrtillus Fruit\/Leaf Extract, Glucosyl Hesperidin, Escin, Tetrasodium Tetracarboxymethyl Naringeninchalcone, Asiaticoside, Asiatic Acid, Madecassic Acid, Ferulic Acid, Acetyl Heptapeptide-4, Acetyl Tetrapeptide-2, Hydrogenated Olive Oil, Tocopheryl Acetate, Tocopherol, Ascorbyl Palmitate, Ascorbic Acid, Propanediol, Behenyl Alcohol, Caprylyl Glycol, Cetearyl Glucoside, Glyceryl Stearate, PEG-100 Stearate, PEG-9, Ethylhexylglycerin, Citric Acid, Xanthan Gum, Disodium EDTA, Sodium Benzoate, Potassium Sorbate, Phenoxyethanol.<\/p>\n","protected":false},"excerpt":{"rendered":"<p>Cr\u00e8me hydratante qui att\u00e9nue les rougeurs et renforce les capillaires fragiles des peaux sujettes \u00e0 la couperose.<\/p>\n<div class=\"summary-review-wrapper\">\n<div class=\"product attribute size\">\n<div class=\"value\">50 ml<\/div>\n<\/div>\n<\/div>\n","protected":false},"featured_media":537,"comment_status":"open","ping_status":"closed","template":"","meta":[],"product_brand":[],"product_cat":[20],"product_tag":[],"class_list":{"0":"post-503","1":"product","2":"type-product","3":"status-publish","4":"has-post-thumbnail","6":"product_cat-soins-visage-professionnels","8":"first","9":"instock","10":"shipping-taxable","11":"purchasable","12":"product-type-simple"},"_links":{"self":[{"href":"https:\/\/knistudio.fr\/index.php\/wp-json\/wp\/v2\/product\/503","targetHints":{"allow":["GET"]}}],"collection":[{"href":"https:\/\/knistudio.fr\/index.php\/wp-json\/wp\/v2\/product"}],"about":[{"href":"https:\/\/knistudio.fr\/index.php\/wp-json\/wp\/v2\/types\/product"}],"replies":[{"embeddable":true,"href":"https:\/\/knistudio.fr\/index.php\/wp-json\/wp\/v2\/comments?post=503"}],"wp:featuredmedia":[{"embeddable":true,"href":"https:\/\/knistudio.fr\/index.php\/wp-json\/wp\/v2\/media\/537"}],"wp:attachment":[{"href":"https:\/\/knistudio.fr\/index.php\/wp-json\/wp\/v2\/media?parent=503"}],"wp:term":[{"taxonomy":"product_brand","embeddable":true,"href":"https:\/\/knistudio.fr\/index.php\/wp-json\/wp\/v2\/product_brand?post=503"},{"taxonomy":"product_cat","embeddable":true,"href":"https:\/\/knistudio.fr\/index.php\/wp-json\/wp\/v2\/product_cat?post=503"},{"taxonomy":"product_tag","embeddable":true,"href":"https:\/\/knistudio.fr\/index.php\/wp-json\/wp\/v2\/product_tag?post=503"}],"curies":[{"name":"wp","href":"https:\/\/api.w.org\/{rel}","templated":true}]}}