{"id":501,"date":"2026-02-26T16:11:59","date_gmt":"2026-02-26T16:11:59","guid":{"rendered":"http:\/\/vbbecrh.cluster121.hosting.ovh.net\/?post_type=product&#038;p=501"},"modified":"2026-02-26T16:13:31","modified_gmt":"2026-02-26T16:13:31","slug":"creme-regenerante","status":"publish","type":"product","link":"https:\/\/knistudio.fr\/index.php\/produit\/creme-regenerante\/","title":{"rendered":"Cr\u00e8me R\u00e9g\u00e9n\u00e9rante"},"content":{"rendered":"<div class=\"product attribute overview\"><\/div>\n<div class=\"summary-review-wrapper\">\n<div class=\"product attribute size\">\n<div class=\"value\">Cr\u00e8me r\u00e9g\u00e9n\u00e9rante pour peaux sensibles et sensibilis\u00e9es Favorise la restauration de la couche superficielle de la peau et renforce sa fonction barri\u00e8re en lui apportant confort, \u00e9lasticit\u00e9 et douceur<\/div>\n<\/div>\n<\/div>\n<div class=\"product-add-form\">\n<form id=\"product_addtocart_form\" action=\"https:\/\/www.mesoestetic.fr\/checkout\/cart\/add\/uenc\/aHR0cHM6Ly93d3cubWVzb2VzdGV0aWMuZnIvZmFzdC1za2luLXJlcGFpci5odG1s\/product\/74\/\" method=\"post\" novalidate=\"novalidate\" data-product-sku=\"T-DSEN0003\">\n<div class=\"product-info-price\">\n<div class=\"price-box price-final_price\" data-role=\"priceBox\" data-product-id=\"74\" data-price-box=\"product-id-74\">\n<p><strong>R\u00c9G\u00c9N\u00c9RANTE :<\/strong> le panth\u00e9nol, \u00e0 l&rsquo;efficacit\u00e9 r\u00e9g\u00e9n\u00e9rante reconnue, associ\u00e9 \u00e0 la Centella Asiatica et \u00e0 l&rsquo;allanto\u00efne, favorise la r\u00e9g\u00e9n\u00e9ration de la peau, en \u00e9vitant les irritations, les desquamations et les rougeurs.<\/p>\n<p><strong>RELIPIDANTE ET HYDRATANTE :<\/strong> la pr\u00e9sence d&rsquo;actifs \u00e0 haute teneur en lipides, tels que le squalane, et d&rsquo;actifs \u00e0 l&rsquo;action hydratante, comme l&rsquo;acide hyaluronique et l&rsquo;ur\u00e9e, permet de restaurer l&rsquo;\u00e9quilibre du film hydrolipidique tout en prot\u00e9geant la peau des agressions ext\u00e9rieures et en pr\u00e9venant la d\u00e9shydratation.<\/p>\n<p><strong>ANTI-INFLAMMATOIRE, APAISANTE :<\/strong> elle agit en modulant la r\u00e9ponse inflammatoire, pour rendre confort, \u00e9lasticit\u00e9 et douceur \u00e0 la peau.<\/p>\n<p><strong>BIO-\u00c9QUILIBRANTE :<\/strong> la pr\u00e9sence d&rsquo;un pr\u00e9biotique, l&rsquo;ac\u00e9tyl heptapeptide-4, favorise l&rsquo;\u00e9quilibre du microbiote et la pr\u00e9sence de bact\u00e9ries b\u00e9n\u00e9fiques afin de renforcer la fonction barri\u00e8re, et donc le syst\u00e8me de d\u00e9fense naturelle de la peau.<\/p>\n<p><strong>ANTIOXYDANTE :<\/strong> le t\u00e9trapeptide-2 offre une protection contre l&rsquo;oxydation produite par les principales esp\u00e8ces r\u00e9actives r\u00e9sultant de l&rsquo;exposition quotidienne \u00e0 des agents externes.<\/p>\n<p>La liste des ingr\u00e9dients peut \u00eatre soumise \u00e0 des modifications, nous vous conseillons de v\u00e9rifier la liste figurant sur le produit achet\u00e9.<br \/>\nAqua, Glycerin, Caprylic\/Capric Triglyceride, Butylene Glycol Dicaprylate\/Dicaprate, Decyl Oleate, Dimethicone, C12-16 Alcohols, Squalane, Dipropylene Glycol, Coco-Caprylate\/Caprate, Glyceryl Stearate Citrate, Neopentyl Glycol Dicaprylate\/Dicaprate, Tridecyl Stearate, Panthenol, Tocopheryl Acetate, Daucus Carota Sativa Root Extract, Centella Asiatica Extract, Glycyrrhiza Glabra Root Extract, Sodium Hyaluronate, Serine, Tripeptide-1, Acetyl Heptapeptide-4, Acetyl Tetrapeptide-2, Allantoin, Phytic Acid, Ferulic Acid, Hydrogenated Olive Oil, Helianthus Annuus Seed Oil, Hydrogenated Lecithin, Palmitic Acid, Phospholipids, Hydrolyzed Soy Protein, Hydrolyzed Wheat Protein, Hydroxyethyl Urea, Behenyl Alcohol, Hydrogenated Polydecene, Tridecyl Trimellitate, Polyglyceryl-10 Stearate, Tocopherol, Sodium Lactate, Sorbitol, Urea, Biosaccharide Gum-2, Propanediol, Propylene Glycol, Ethylhexylglycerin, Sodium Acrylates Copolymer, Citric Acid, Butylene Glycol, Pentylene Glycol, Caprylyl Glycol, Sodium Hydroxide, Sodium Chloride, Phenoxyethanol<\/p>\n<\/div>\n<\/div>\n<\/form>\n<\/div>\n","protected":false},"excerpt":{"rendered":"<div class=\"product attribute overview\">\n<div class=\"value\">Cr\u00e8me r\u00e9g\u00e9n\u00e9rante pour peaux sensibles et sensibilis\u00e9es<\/div>\n<\/div>\n<div class=\"summary-review-wrapper\">\n<div class=\"product attribute size\">\n<div class=\"value\">50 ml<\/div>\n<\/div>\n<\/div>\n<div class=\"product-add-form\">\n<form id=\"product_addtocart_form\" action=\"https:\/\/www.mesoestetic.fr\/checkout\/cart\/add\/uenc\/aHR0cHM6Ly93d3cubWVzb2VzdGV0aWMuZnIvZmFzdC1za2luLXJlcGFpci5odG1s\/product\/74\/\" method=\"post\" novalidate=\"novalidate\" data-product-sku=\"T-DSEN0003\">\n<div class=\"product-info-price\">\n<div class=\"price-box price-final_price\" data-role=\"priceBox\" data-product-id=\"74\" data-price-box=\"product-id-74\"><\/div>\n<\/div>\n<\/form>\n<\/div>\n","protected":false},"featured_media":502,"comment_status":"open","ping_status":"closed","template":"","meta":[],"product_brand":[],"product_cat":[20],"product_tag":[],"class_list":{"0":"post-501","1":"product","2":"type-product","3":"status-publish","4":"has-post-thumbnail","6":"product_cat-soins-visage-professionnels","8":"first","9":"instock","10":"shipping-taxable","11":"purchasable","12":"product-type-simple"},"_links":{"self":[{"href":"https:\/\/knistudio.fr\/index.php\/wp-json\/wp\/v2\/product\/501","targetHints":{"allow":["GET"]}}],"collection":[{"href":"https:\/\/knistudio.fr\/index.php\/wp-json\/wp\/v2\/product"}],"about":[{"href":"https:\/\/knistudio.fr\/index.php\/wp-json\/wp\/v2\/types\/product"}],"replies":[{"embeddable":true,"href":"https:\/\/knistudio.fr\/index.php\/wp-json\/wp\/v2\/comments?post=501"}],"wp:featuredmedia":[{"embeddable":true,"href":"https:\/\/knistudio.fr\/index.php\/wp-json\/wp\/v2\/media\/502"}],"wp:attachment":[{"href":"https:\/\/knistudio.fr\/index.php\/wp-json\/wp\/v2\/media?parent=501"}],"wp:term":[{"taxonomy":"product_brand","embeddable":true,"href":"https:\/\/knistudio.fr\/index.php\/wp-json\/wp\/v2\/product_brand?post=501"},{"taxonomy":"product_cat","embeddable":true,"href":"https:\/\/knistudio.fr\/index.php\/wp-json\/wp\/v2\/product_cat?post=501"},{"taxonomy":"product_tag","embeddable":true,"href":"https:\/\/knistudio.fr\/index.php\/wp-json\/wp\/v2\/product_tag?post=501"}],"curies":[{"name":"wp","href":"https:\/\/api.w.org\/{rel}","templated":true}]}}