{"id":496,"date":"2026-02-26T16:07:19","date_gmt":"2026-02-26T16:07:19","guid":{"rendered":"http:\/\/vbbecrh.cluster121.hosting.ovh.net\/?post_type=product&#038;p=496"},"modified":"2026-02-26T16:10:20","modified_gmt":"2026-02-26T16:10:20","slug":"mousse-visage-purifiante","status":"publish","type":"product","link":"https:\/\/knistudio.fr\/index.php\/produit\/mousse-visage-purifiante\/","title":{"rendered":"Mousse Visage Purifiante"},"content":{"rendered":"<p>Mousse nettoyante pour le visage \u00e9quilibrante et anti-pollution. Peaux grasses et \u00e0 tendance acn\u00e9ique.<\/p>\n<div class=\"tile cols-md-4\">\n<h6 class=\"subtitle t-h4\">PURIFIANTE, K\u00c9RATOLYTIQUE, AFFINE:<\/h6>\n<p>L\u2019action antiseptique de la chlorhexidine se combine avec l\u2019action de l\u2019acide salicylique et de l\u2019acide lactique pour favoriser la d\u00e9sobstruction des pores, am\u00e9liorer la texture et pr\u00e9venir les imperfections cutan\u00e9es.<\/p>\n<\/div>\n<div class=\"tile cols-md-4\">\n<h6 class=\"subtitle t-h4\">MOUSSE NETTOYANTE POUR LE VISAGE \u00c9QUILIBRANTE ET ANTI-POLLUTION:<\/h6>\n<p>\u00c0 base d\u2019actifs k\u00e9ratolytiques et purifiants, ce produit favorise la d\u00e9sobstruction des pores et pr\u00e9vient les imperfections.<\/p>\n<\/div>\n<div class=\"tile cols-md-4\">\n<h6 class=\"subtitle t-h4\">S\u00c9CURIT\u00c9 ET HAUTE TOL\u00c9RANCE:<\/h6>\n<p>La s\u00e9curit\u00e9 et tol\u00e9rance cutan\u00e9e de nos produits sont soumis \u00e0 des essais rigoureux r\u00e9alis\u00e9s par des experts ind\u00e9pendants: test\u00e9s sous contr\u00f4le dermatologique et non com\u00e9dog\u00e8ne.<\/p>\n<p>La liste des ingr\u00e9dients peut \u00eatre soumise \u00e0 des modifications, nous vous conseillons de v\u00e9rifier la liste figurant sur le produit achet\u00e9.<br \/>\nAqua, Decyl Glucoside, Cocamidopropyl Betaine, PEG-40 Hydrogenated Castor Oil, Urea, Lactobacillus Ferment, Alteromonas Ferment Extract, Glycerin, Lactic Acid, Butylene Glycol, Salicylic Acid, Chlorhexidine Digluconate, Maltodextrin, Menthol, Menthyl Lactate, Sodium Chloride, Polyquaternium-10, Disodium EDTA, Ethylhexylglycerin, Phenoxyethanol, Sodium Benzoate<\/p>\n<\/div>\n","protected":false},"excerpt":{"rendered":"<div class=\"product attribute overview\">\n<div class=\"value\">\n<p>Mousse nettoyante pour le visage \u00e9quilibrante et anti-pollution.<\/p>\n<p>Peaux grasses et \u00e0 tendance acn\u00e9ique.<\/p>\n<\/div>\n<\/div>\n<div class=\"summary-review-wrapper\">\n<div class=\"product attribute size\">\n<div class=\"value\">150 ml<\/div>\n<\/div>\n<\/div>\n","protected":false},"featured_media":500,"comment_status":"open","ping_status":"closed","template":"","meta":[],"product_brand":[],"product_cat":[20],"product_tag":[],"class_list":{"0":"post-496","1":"product","2":"type-product","3":"status-publish","4":"has-post-thumbnail","6":"product_cat-soins-visage-professionnels","8":"first","9":"instock","10":"shipping-taxable","11":"purchasable","12":"product-type-simple"},"_links":{"self":[{"href":"https:\/\/knistudio.fr\/index.php\/wp-json\/wp\/v2\/product\/496","targetHints":{"allow":["GET"]}}],"collection":[{"href":"https:\/\/knistudio.fr\/index.php\/wp-json\/wp\/v2\/product"}],"about":[{"href":"https:\/\/knistudio.fr\/index.php\/wp-json\/wp\/v2\/types\/product"}],"replies":[{"embeddable":true,"href":"https:\/\/knistudio.fr\/index.php\/wp-json\/wp\/v2\/comments?post=496"}],"wp:featuredmedia":[{"embeddable":true,"href":"https:\/\/knistudio.fr\/index.php\/wp-json\/wp\/v2\/media\/500"}],"wp:attachment":[{"href":"https:\/\/knistudio.fr\/index.php\/wp-json\/wp\/v2\/media?parent=496"}],"wp:term":[{"taxonomy":"product_brand","embeddable":true,"href":"https:\/\/knistudio.fr\/index.php\/wp-json\/wp\/v2\/product_brand?post=496"},{"taxonomy":"product_cat","embeddable":true,"href":"https:\/\/knistudio.fr\/index.php\/wp-json\/wp\/v2\/product_cat?post=496"},{"taxonomy":"product_tag","embeddable":true,"href":"https:\/\/knistudio.fr\/index.php\/wp-json\/wp\/v2\/product_tag?post=496"}],"curies":[{"name":"wp","href":"https:\/\/api.w.org\/{rel}","templated":true}]}}