{"id":493,"date":"2026-02-26T16:03:43","date_gmt":"2026-02-26T16:03:43","guid":{"rendered":"http:\/\/vbbecrh.cluster121.hosting.ovh.net\/?post_type=product&#038;p=493"},"modified":"2026-02-26T16:04:50","modified_gmt":"2026-02-26T16:04:50","slug":"masque-apaisant-visage","status":"publish","type":"product","link":"https:\/\/knistudio.fr\/index.php\/produit\/masque-apaisant-visage\/","title":{"rendered":"Masque Apaisant Visage"},"content":{"rendered":"<p>Masque intensif qui apaise et soulage les peaux pr\u00e9sentant des rougeurs et sensibles.<\/p>\n<p><strong>APAISANT, ANTI-INFLAMMATOIRE, ANTI-ROUGEURS:<\/strong> Contient de l\u2019extrait de Rhodosorus marinus et de l\u2019extrait de fleur de safran qui agissent sur les manifestations du processus inflammatoire, la sensibilit\u00e9 cutan\u00e9e et les rougeurs. Un complexe v\u00e9g\u00e9tal apaisant combine de l\u2019Aloe vera, de la camomille et du Calendula, \u00e0 l\u2019efficacit\u00e9 r\u00e9g\u00e9n\u00e9rante, apaisante et adoucissante reconnue.<\/p>\n<p><strong>ACTION BIO\u00c9QUILIBRANTE:<\/strong> Un actif postbiotique (Lactobacillus Ferment) obtenu par fermentation d\u2019une bact\u00e9rie favorise l\u2019\u00e9quilibre du microbiote pour renforcer et pr\u00e9server la fonction barri\u00e8re cutan\u00e9e dans des conditions optimales. Chacune des formules poss\u00e8de un pH l\u00e9g\u00e8rement acide qui pr\u00e9serve l\u2019\u00e9quilibre et prot\u00e8ge la peau de micro-organismes pathog\u00e8nes ind\u00e9sirables.<\/p>\n<p><strong>ACTION ANTI-POLLUTION:<\/strong> Un actif biotechnologique (Urban D-tox) exerce une double action sur les effets de la pollution sur la peau: d\u2019une part, il permet d\u2019\u00e9liminer les particules polluantes qui se d\u00e9posent sur la peau et, d\u2019autre part, il r\u00e9duit le stress oxydatif qui acc\u00e9l\u00e8re le vieillissement cutan\u00e9.<\/p>\n<p>La liste des ingr\u00e9dients peut \u00eatre soumise \u00e0 des modifications, nous vous conseillons de v\u00e9rifier la liste figurant sur le produit achet\u00e9.<br \/>\nAqua, Propanediol, Glycerin, Caprylic\/Capric Triglyceride, PEG-7 Glyceryl Cocoate, Tridecyl Stearate, Aloe Barbadensis Leaf Juice Powder, Rhodosorus Marinus Extract, Chamomilla Recutita Extract, Rosmarinus Officinalis Leaf Extract, Ascorbyl Palmitate, Ascorbic Acid, Alteromonas Ferment Extract, Biosaccharide Gum-2, Calendula Officinalis Flower Extract, Tocopherol, Lactobacillus Ferment, Crocus Sativus Flower Extract, Tocopheryl Acetate, Tridecyl Trimellitate, PEG\/PPG-14\/4 Dimethicone, Saccharide Isomerate, Acrylates\/C10-30 Alkyl Acrylate Crosspolymer, Acrylamide\/Sodium Acryloyldimethyltaurate Copolymer, Propylene Glycol, Isohexadecane, Dipentaerythrityl Hexacaprylate\/Hexacaprate, Menthyl Lactate, Sodium Hydroxide, Disodium EDTA, Helianthus Annuus Seed Oil, Polysorbate 80, Maltodextrin, PEG-8, Sorbitan Oleate, Butylene Glycol, Citric Acid, Sodium Citrate, Ethylhexylglycerin, Phenoxyethanol.<\/p>\n","protected":false},"excerpt":{"rendered":"<div class=\"product attribute overview\">\n<div class=\"value\">Masque intensif qui apaise et soulage les peaux pr\u00e9sentant des rougeurs et sensibles.<\/div>\n<\/div>\n<div class=\"summary-review-wrapper\">\n<div class=\"product attribute size\">\n<div class=\"value\">100 ml<\/div>\n<\/div>\n<\/div>\n","protected":false},"featured_media":495,"comment_status":"open","ping_status":"closed","template":"","meta":[],"product_brand":[],"product_cat":[20],"product_tag":[],"class_list":{"0":"post-493","1":"product","2":"type-product","3":"status-publish","4":"has-post-thumbnail","6":"product_cat-soins-visage-professionnels","8":"first","9":"instock","10":"shipping-taxable","11":"purchasable","12":"product-type-simple"},"_links":{"self":[{"href":"https:\/\/knistudio.fr\/index.php\/wp-json\/wp\/v2\/product\/493","targetHints":{"allow":["GET"]}}],"collection":[{"href":"https:\/\/knistudio.fr\/index.php\/wp-json\/wp\/v2\/product"}],"about":[{"href":"https:\/\/knistudio.fr\/index.php\/wp-json\/wp\/v2\/types\/product"}],"replies":[{"embeddable":true,"href":"https:\/\/knistudio.fr\/index.php\/wp-json\/wp\/v2\/comments?post=493"}],"wp:featuredmedia":[{"embeddable":true,"href":"https:\/\/knistudio.fr\/index.php\/wp-json\/wp\/v2\/media\/495"}],"wp:attachment":[{"href":"https:\/\/knistudio.fr\/index.php\/wp-json\/wp\/v2\/media?parent=493"}],"wp:term":[{"taxonomy":"product_brand","embeddable":true,"href":"https:\/\/knistudio.fr\/index.php\/wp-json\/wp\/v2\/product_brand?post=493"},{"taxonomy":"product_cat","embeddable":true,"href":"https:\/\/knistudio.fr\/index.php\/wp-json\/wp\/v2\/product_cat?post=493"},{"taxonomy":"product_tag","embeddable":true,"href":"https:\/\/knistudio.fr\/index.php\/wp-json\/wp\/v2\/product_tag?post=493"}],"curies":[{"name":"wp","href":"https:\/\/api.w.org\/{rel}","templated":true}]}}