{"id":491,"date":"2026-02-26T16:00:18","date_gmt":"2026-02-26T16:00:18","guid":{"rendered":"http:\/\/vbbecrh.cluster121.hosting.ovh.net\/?post_type=product&#038;p=491"},"modified":"2026-02-26T16:01:18","modified_gmt":"2026-02-26T16:01:18","slug":"serum-peau-sensible","status":"publish","type":"product","link":"https:\/\/knistudio.fr\/index.php\/produit\/serum-peau-sensible\/","title":{"rendered":"S\u00e9rum Peau Sensible"},"content":{"rendered":"<p>Concentr\u00e9 effet calmant \u00e0 haute tol\u00e9rance cutan\u00e9e. Att\u00e9nue les r\u00e9actions des peaux sensibles et sensibilis\u00e9es, telles que rougeurs localis\u00e9es, irritations, d\u00e9mangeaisons et picotements. Formul\u00e9 avec des ingr\u00e9dients antioxydants et r\u00e9\u00e9quilibrants qui favorisent l&rsquo;\u00e9quilibre du microbiote et renforcent le syst\u00e8me de d\u00e9fense naturelle de la peau.<\/p>\n<p><strong>ACTION APAISANTE: <\/strong> Gr\u00e2ce \u00e0 la combinaison et \u00e0 la synergie des actifs d&rsquo;origine v\u00e9g\u00e9tale, il apaise la peau imm\u00e9diatement et diminue les rougeurs.<\/p>\n<p><strong>ACTION R\u00c9G\u00c9N\u00c9RANTE :<\/strong> le panth\u00e9nol, associ\u00e9 \u00e0 l&rsquo;extrait d&rsquo;aloe vera et de calendula, stimule les processus de renouvellement cellulaire pour renforcer la peau et la fonction barri\u00e8re.<\/p>\n<p><strong>BIO-\u00c9QUILIBANT :<\/strong> formul\u00e9 avec un pr\u00e9biotique, il favorise l&rsquo;\u00e9quilibre du microbiote et la pr\u00e9sence de bact\u00e9ries b\u00e9n\u00e9fiques afin de renforcer le syst\u00e8me de d\u00e9fense naturelle de la peau.<\/p>\n<p><strong>ANTIOXYDANT :<\/strong> le t\u00e9trapeptide-2 offre une protection contre l&rsquo;oxydation produite par les principales esp\u00e8ces r\u00e9actives r\u00e9sultant de l&rsquo;exposition quotidienne \u00e0 des agents externes.<\/p>\n<p>La liste des ingr\u00e9dients peut \u00eatre soumise \u00e0 des modifications, nous vous conseillons de v\u00e9rifier la liste figurant sur le produit achet\u00e9.<br \/>\nAqua, Glycerin, Pentylene Glycol, Propanediol, 1,2-Hexanediol, Aloe Barbadensis Leaf Juice, Rhodosorus Marinus Extract, Chamomilla Recutita Extract, Tephrosia Purpurea Seed Extract, Crocus Sativus Flower Extract, Calendula Officinalis Flower Extract, Acetyl Heptapeptide-4, Acetyl Tetrapeptide-2, Panthenol, Tocopherol, Ascorbyl Palmitate, Ferulic Acid, Ascorbic Acid, Propylene Glycol, Caprylic\/Capric Triglyceride, PEG-8, Isohexadecane, Glyceryl Polyacrylate, Acrylamide\/Sodium Acryloyldimethyltaurate Copolymer, Dehydroxanthan Gum, Polysorbate 80, Sorbitan Oleate, Caprylyl Glycol, Disodium EDTA, Citric Acid, Potassium Sorbate, Sodium Benzoate.<\/p>\n","protected":false},"excerpt":{"rendered":"<div class=\"product attribute overview\">\n<div class=\"value\">Concentr\u00e9 intensif effet calmant pour peaux sensibles ou sensibilis\u00e9es.<\/div>\n<div class=\"value\">Renforce les syst\u00e8mes de protection de la peau, son microbiote et sa fonction barri\u00e8re.<\/div>\n<\/div>\n<div class=\"summary-review-wrapper\">\n<div class=\"product attribute size\">\n<div class=\"value\">30 ml<\/div>\n<\/div>\n<\/div>\n","protected":false},"featured_media":492,"comment_status":"open","ping_status":"closed","template":"","meta":[],"product_brand":[],"product_cat":[20],"product_tag":[],"class_list":{"0":"post-491","1":"product","2":"type-product","3":"status-publish","4":"has-post-thumbnail","6":"product_cat-soins-visage-professionnels","8":"first","9":"instock","10":"shipping-taxable","11":"purchasable","12":"product-type-simple"},"_links":{"self":[{"href":"https:\/\/knistudio.fr\/index.php\/wp-json\/wp\/v2\/product\/491","targetHints":{"allow":["GET"]}}],"collection":[{"href":"https:\/\/knistudio.fr\/index.php\/wp-json\/wp\/v2\/product"}],"about":[{"href":"https:\/\/knistudio.fr\/index.php\/wp-json\/wp\/v2\/types\/product"}],"replies":[{"embeddable":true,"href":"https:\/\/knistudio.fr\/index.php\/wp-json\/wp\/v2\/comments?post=491"}],"wp:featuredmedia":[{"embeddable":true,"href":"https:\/\/knistudio.fr\/index.php\/wp-json\/wp\/v2\/media\/492"}],"wp:attachment":[{"href":"https:\/\/knistudio.fr\/index.php\/wp-json\/wp\/v2\/media?parent=491"}],"wp:term":[{"taxonomy":"product_brand","embeddable":true,"href":"https:\/\/knistudio.fr\/index.php\/wp-json\/wp\/v2\/product_brand?post=491"},{"taxonomy":"product_cat","embeddable":true,"href":"https:\/\/knistudio.fr\/index.php\/wp-json\/wp\/v2\/product_cat?post=491"},{"taxonomy":"product_tag","embeddable":true,"href":"https:\/\/knistudio.fr\/index.php\/wp-json\/wp\/v2\/product_tag?post=491"}],"curies":[{"name":"wp","href":"https:\/\/api.w.org\/{rel}","templated":true}]}}