{"id":488,"date":"2026-02-26T15:57:07","date_gmt":"2026-02-26T15:57:07","guid":{"rendered":"http:\/\/vbbecrh.cluster121.hosting.ovh.net\/?post_type=product&#038;p=488"},"modified":"2026-02-26T15:57:07","modified_gmt":"2026-02-26T15:57:07","slug":"creme-depigmentante","status":"publish","type":"product","link":"https:\/\/knistudio.fr\/index.php\/produit\/creme-depigmentante\/","title":{"rendered":"Cr\u00e8me D\u00e9pigmentante"},"content":{"rendered":"<p><strong>Melan tran3x<\/strong> est un programme d\u00e9pigmentant derni\u00e8re g\u00e9n\u00e9ration \u00e0 l\u2019acide tranexamique, qui aide \u00e0 corriger les imperfections pigmentaires. Il associe un concentr\u00e9 et un gel cr\u00e8me.<\/p>\n<p><strong>&#8211; melan tran3x concentrate.<\/strong> D\u00e9pigmentant intensif qui agit sur la surpigmentation \u00e9pidermique, et att\u00e9nue visiblement les taches brunes. <em>(non inclus)<\/em><br \/>\n<strong>&#8211; melan tran3x gel cream.<\/strong> Cr\u00e8me d\u00e9pigmentante \u00e0 l\u2019action progressive pour un teint plus homog\u00e8ne.<\/p>\n<p>La liste des ingr\u00e9dients peut \u00eatre soumise \u00e0 des modifications, nous vous conseillons de v\u00e9rifier la liste figurant sur le produit achet\u00e9.<br \/>\nAqua, Isodecyl Neopentanoate, Butylene Glycol, Niacinamide, Glycerin, Isostearyl Alcohol, Polymethylsilsesquioxane, Sodium Citrate, Jojoba Esters, Butylene Glycol Cocoate, Tranexamic Acid, Caprylic\/Capric Triglyceride, Isononyl Isononanoate, Polyacrylate Crosspolymer-6, Helianthus Annuus Seed Wax, Lactic Acid, Argania Spinosa Kernel Oil, Kojic Acid, Salicylic Acid, Aminoethylphosphinic Acid, Glycogen, Acetyl Glycyl beta-Alanine, Acacia Decurrens Flower Wax, Plankton Extract, Polyglycerin-3, Polyacrylate-13, Dimethicone, Polyisobutene, Ethylhexylglycerin, Sorbitan Isostearate, Ethylcellulose, Polysorbate 20, Sodium Hydroxide, Citric Acid, Sodium Metabisulfite, BHT, Disodium EDTA, Phenoxyethanol, Parfum<\/p>\n","protected":false},"excerpt":{"rendered":"<div class=\"product attribute overview\">\n<div class=\"value\">\n<p>Cr\u00e8me \u00e0 l&rsquo;acide tranexamique d\u00e9pigmentante \u00e0 usage quotidien qui agit progressivement sur les t\u00e2ches \u00e9pidermiques pour apporter un teint de peau plus homog\u00e8ne.<\/p>\n<\/div>\n<\/div>\n<div class=\"summary-review-wrapper\">\n<div class=\"product attribute size\">\n<div class=\"value\">50 ml<\/div>\n<\/div>\n<\/div>\n","protected":false},"featured_media":489,"comment_status":"open","ping_status":"closed","template":"","meta":[],"product_brand":[],"product_cat":[20],"product_tag":[],"class_list":{"0":"post-488","1":"product","2":"type-product","3":"status-publish","4":"has-post-thumbnail","6":"product_cat-soins-visage-professionnels","8":"first","9":"instock","10":"shipping-taxable","11":"purchasable","12":"product-type-simple"},"_links":{"self":[{"href":"https:\/\/knistudio.fr\/index.php\/wp-json\/wp\/v2\/product\/488","targetHints":{"allow":["GET"]}}],"collection":[{"href":"https:\/\/knistudio.fr\/index.php\/wp-json\/wp\/v2\/product"}],"about":[{"href":"https:\/\/knistudio.fr\/index.php\/wp-json\/wp\/v2\/types\/product"}],"replies":[{"embeddable":true,"href":"https:\/\/knistudio.fr\/index.php\/wp-json\/wp\/v2\/comments?post=488"}],"wp:featuredmedia":[{"embeddable":true,"href":"https:\/\/knistudio.fr\/index.php\/wp-json\/wp\/v2\/media\/489"}],"wp:attachment":[{"href":"https:\/\/knistudio.fr\/index.php\/wp-json\/wp\/v2\/media?parent=488"}],"wp:term":[{"taxonomy":"product_brand","embeddable":true,"href":"https:\/\/knistudio.fr\/index.php\/wp-json\/wp\/v2\/product_brand?post=488"},{"taxonomy":"product_cat","embeddable":true,"href":"https:\/\/knistudio.fr\/index.php\/wp-json\/wp\/v2\/product_cat?post=488"},{"taxonomy":"product_tag","embeddable":true,"href":"https:\/\/knistudio.fr\/index.php\/wp-json\/wp\/v2\/product_tag?post=488"}],"curies":[{"name":"wp","href":"https:\/\/api.w.org\/{rel}","templated":true}]}}