{"id":482,"date":"2026-02-26T15:44:46","date_gmt":"2026-02-26T15:44:46","guid":{"rendered":"http:\/\/vbbecrh.cluster121.hosting.ovh.net\/?post_type=product&#038;p=482"},"modified":"2026-02-26T15:50:51","modified_gmt":"2026-02-26T15:50:51","slug":"brume-hydratonic","status":"publish","type":"product","link":"https:\/\/knistudio.fr\/index.php\/produit\/brume-hydratonic\/","title":{"rendered":"Brume Hydratonic"},"content":{"rendered":"<p>Tonique pour le visage hydratant sous forme de brume, \u00e9quilibrant et anti-pollution. Compl\u00e8te l\u2019hygi\u00e8ne du visage et renforce l\u2019\u00e9quilibre du microbiote cutan\u00e9. Tout type de peau.<\/p>\n<div class=\"tile cols-md-4\">\n<h6 class=\"subtitle t-h4\">HYDRATANT, R\u00c9G\u00c9N\u00c9RATEUR, ADOUCISSANT :<\/h6>\n<p>Sa formule combine l\u2019action humectante et adoucissante de l\u2019eau de roses et l\u2019action du panth\u00e9nol (provitamine B5) pour assurer une action r\u00e9g\u00e9n\u00e9rante et apaisante qui apporte une sensation de confort \u00e0 la peau.<\/p>\n<\/div>\n<div class=\"tile cols-md-4\">\n<h6 class=\"subtitle t-h4\">TONIQUE POUR LE VISAGE HYDRATANT SOUS FORME DE BRUME \u00c9QUILIBRANTE ET ANTI-POLLUTION :<\/h6>\n<p>Compl\u00e8te l\u2019hygi\u00e8ne du visage et renforce l\u2019\u00e9quilibre du microbiote cutan\u00e9. \u00c0 base d\u2019eau de roses et de panth\u00e9nol pour assurer une action hydratante, adoucissante et r\u00e9g\u00e9n\u00e9rante.<\/p>\n<\/div>\n<div class=\"tile cols-md-4\">\n<h6 class=\"subtitle t-h4\">S\u00c9CURIT\u00c9 ET HAUTE TOL\u00c9RANCE :<\/h6>\n<p>La s\u00e9curit\u00e9 et tol\u00e9rance cutan\u00e9e de nos produits sont soumis \u00e0 des essais rigoureux r\u00e9alis\u00e9s par des experts ind\u00e9pendants: test\u00e9s sous contr\u00f4le dermatologique et ophtalmologique.<\/p>\n<p>La liste des ingr\u00e9dients peut \u00eatre soumise \u00e0 des modifications, nous vous conseillons de v\u00e9rifier la liste figurant sur le produit achet\u00e9.<br \/>\nAqua, Rosa Damascena Flower Water, Poloxamer 184, Pentylene Glycol, 1,2-Hexanediol, Panthenol, Alteromonas Ferment Extract, Lactobacillus Ferment, Butylene Glycol, Maltodextrin, Tetrasodium EDTA, Sodium Phosphate, Disodium Phosphate.<\/p>\n<\/div>\n","protected":false},"excerpt":{"rendered":"<p>Tonique pour le visage hydratant sous forme de brume, \u00e9quilibrant et anti-pollution.<\/p>\n<p>Tout type de peau.<\/p>\n<div class=\"summary-review-wrapper\">\n<div class=\"product attribute size\">\n<div class=\"value\">125 ml<\/div>\n<\/div>\n<\/div>\n","protected":false},"featured_media":486,"comment_status":"open","ping_status":"closed","template":"","meta":[],"product_brand":[],"product_cat":[20],"product_tag":[],"class_list":{"0":"post-482","1":"product","2":"type-product","3":"status-publish","4":"has-post-thumbnail","6":"product_cat-soins-visage-professionnels","8":"first","9":"instock","10":"shipping-taxable","11":"purchasable","12":"product-type-simple"},"_links":{"self":[{"href":"https:\/\/knistudio.fr\/index.php\/wp-json\/wp\/v2\/product\/482","targetHints":{"allow":["GET"]}}],"collection":[{"href":"https:\/\/knistudio.fr\/index.php\/wp-json\/wp\/v2\/product"}],"about":[{"href":"https:\/\/knistudio.fr\/index.php\/wp-json\/wp\/v2\/types\/product"}],"replies":[{"embeddable":true,"href":"https:\/\/knistudio.fr\/index.php\/wp-json\/wp\/v2\/comments?post=482"}],"wp:featuredmedia":[{"embeddable":true,"href":"https:\/\/knistudio.fr\/index.php\/wp-json\/wp\/v2\/media\/486"}],"wp:attachment":[{"href":"https:\/\/knistudio.fr\/index.php\/wp-json\/wp\/v2\/media?parent=482"}],"wp:term":[{"taxonomy":"product_brand","embeddable":true,"href":"https:\/\/knistudio.fr\/index.php\/wp-json\/wp\/v2\/product_brand?post=482"},{"taxonomy":"product_cat","embeddable":true,"href":"https:\/\/knistudio.fr\/index.php\/wp-json\/wp\/v2\/product_cat?post=482"},{"taxonomy":"product_tag","embeddable":true,"href":"https:\/\/knistudio.fr\/index.php\/wp-json\/wp\/v2\/product_tag?post=482"}],"curies":[{"name":"wp","href":"https:\/\/api.w.org\/{rel}","templated":true}]}}