{"id":481,"date":"2026-02-26T15:35:28","date_gmt":"2026-02-26T15:35:28","guid":{"rendered":"http:\/\/vbbecrh.cluster121.hosting.ovh.net\/?post_type=product&#038;p=481"},"modified":"2026-02-26T15:47:46","modified_gmt":"2026-02-26T15:47:46","slug":"creme-gel-renouvelant","status":"publish","type":"product","link":"https:\/\/knistudio.fr\/index.php\/produit\/creme-gel-renouvelant\/","title":{"rendered":"Cr\u00e8me Gel Renouvelant"},"content":{"rendered":"<p>Gel renouvelant et retexturisant pour les peaux mixtes, grasses \u00e0 tendance acn\u00e9ique.<br \/>\n&#8211; Renouvelle, purifie et retexturise la peau<br \/>\n-R\u00e9duit l&rsquo;exc\u00e8s de s\u00e9bum (s\u00e9bor\u00e9gulateur)<br \/>\n-D\u00e9bouche les pores<br \/>\n-Action r\u00e9gulatrice sur les principales voies \u00e0 l&rsquo;origine de l&rsquo;acn\u00e9 afin d&rsquo;\u00e9viter l&rsquo;apparition d&rsquo;imperfections.<\/p>\n<p>La liste des ingr\u00e9dients peut \u00eatre soumise \u00e0 des modifications, nous vous conseillons de v\u00e9rifier la liste figurant sur le produit achet\u00e9.<br \/>\nAqua, Alcohol denat., Glycolic Acid, Propanediol, Sodium Hydroxide, Polyquaternium-10, Salicylic Acid, Gluconolactone, Bioflavonoids, Acetyl Tetrapeptide-2, Epigallocatechin Gallate, Tocophersolan, Ferulic Acid, Glycerin, Butylene Glycol, Poloxamer 338, Poloxamer 235, Disodium EDTA, Phenoxyethanol, Parfum<\/p>\n","protected":false},"excerpt":{"rendered":"<p>Gel renouvelant pour les peaux mixtes, grasses \u00e0 tendance acn\u00e9ique. Affine les pores, purifie et retexturise la peau. Gel \u00e0 base d&rsquo;acide salicylique et d&rsquo;acide glycolique.<\/p>\n<div class=\"summary-review-wrapper\">\n<div class=\"product attribute size\">\n<div class=\"value\">50 ml<\/div>\n<\/div>\n<\/div>\n","protected":false},"featured_media":484,"comment_status":"open","ping_status":"closed","template":"","meta":[],"product_brand":[],"product_cat":[20],"product_tag":[],"class_list":{"0":"post-481","1":"product","2":"type-product","3":"status-publish","4":"has-post-thumbnail","6":"product_cat-soins-visage-professionnels","8":"first","9":"instock","10":"shipping-taxable","11":"purchasable","12":"product-type-simple"},"_links":{"self":[{"href":"https:\/\/knistudio.fr\/index.php\/wp-json\/wp\/v2\/product\/481","targetHints":{"allow":["GET"]}}],"collection":[{"href":"https:\/\/knistudio.fr\/index.php\/wp-json\/wp\/v2\/product"}],"about":[{"href":"https:\/\/knistudio.fr\/index.php\/wp-json\/wp\/v2\/types\/product"}],"replies":[{"embeddable":true,"href":"https:\/\/knistudio.fr\/index.php\/wp-json\/wp\/v2\/comments?post=481"}],"wp:featuredmedia":[{"embeddable":true,"href":"https:\/\/knistudio.fr\/index.php\/wp-json\/wp\/v2\/media\/484"}],"wp:attachment":[{"href":"https:\/\/knistudio.fr\/index.php\/wp-json\/wp\/v2\/media?parent=481"}],"wp:term":[{"taxonomy":"product_brand","embeddable":true,"href":"https:\/\/knistudio.fr\/index.php\/wp-json\/wp\/v2\/product_brand?post=481"},{"taxonomy":"product_cat","embeddable":true,"href":"https:\/\/knistudio.fr\/index.php\/wp-json\/wp\/v2\/product_cat?post=481"},{"taxonomy":"product_tag","embeddable":true,"href":"https:\/\/knistudio.fr\/index.php\/wp-json\/wp\/v2\/product_tag?post=481"}],"curies":[{"name":"wp","href":"https:\/\/api.w.org\/{rel}","templated":true}]}}