{"id":478,"date":"2026-02-26T15:27:49","date_gmt":"2026-02-26T15:27:49","guid":{"rendered":"http:\/\/vbbecrh.cluster121.hosting.ovh.net\/?post_type=product&#038;p=478"},"modified":"2026-02-26T15:31:55","modified_gmt":"2026-02-26T15:31:55","slug":"gelules-contre-la-chute-des-cheveux","status":"publish","type":"product","link":"https:\/\/knistudio.fr\/index.php\/produit\/gelules-contre-la-chute-des-cheveux\/","title":{"rendered":"G\u00e9lules contre la Chute des Cheveux"},"content":{"rendered":"<p>G\u00e9lules pour le contr\u00f4le de la chute des cheveux, formul\u00e9es \u00e0 base d&rsquo;extraits v\u00e9g\u00e9taux, de biotine et de zinc. Limitent la chute de cheveux et contribue au maintien d&rsquo;un \u00e9tat capillaire normal. Formule 100 % v\u00e9gane.<\/p>\n<p>La liste des ingr\u00e9dients peut \u00eatre soumise \u00e0 des modifications, nous vous conseillons de v\u00e9rifier la liste figurant sur le produit achet\u00e9.<br \/>\nL-cistina, cobertura (celulosa, colorante (E-170), extractos secos de c\u00e1rtamo (Carthamus tinctorius, flor), nopal (Opuntia ficus-indica, cladodio) y Oryza sativa (gamma-orizanol), citrato de zinc, acetato DL-alfa tocoferilo (vitamina E), L-metionina, L-arginina base, L-seleniometionina, antiaglomerante (E-470b), almid\u00f3n de ma\u00edz, D-pantotenato c\u00e1lcico (vitamina B5), extractos secos de pimienta negra (Piper nigrum, fruto), colecalciferol (vitamina D3), clorhidrato de piridoxina (vitamina B6), biotina, cianocobalamina (vitamina B12).<\/p>\n","protected":false},"excerpt":{"rendered":"<div class=\"product attribute overview\">\n<div class=\"value\">Compl\u00e9ment alimentaire quotidien qui freine la chute des cheveux et renforce les follicules pileux.<\/div>\n<\/div>\n<div class=\"summary-review-wrapper\">\n<div class=\"product attribute size\">\n<div class=\"value\">60 g\u00e9lules<\/div>\n<\/div>\n<\/div>\n","protected":false},"featured_media":479,"comment_status":"open","ping_status":"closed","template":"","meta":[],"product_brand":[],"product_cat":[21],"product_tag":[],"class_list":{"0":"post-478","1":"product","2":"type-product","3":"status-publish","4":"has-post-thumbnail","6":"product_cat-soins-capillaire","8":"first","9":"instock","10":"shipping-taxable","11":"purchasable","12":"product-type-simple"},"_links":{"self":[{"href":"https:\/\/knistudio.fr\/index.php\/wp-json\/wp\/v2\/product\/478","targetHints":{"allow":["GET"]}}],"collection":[{"href":"https:\/\/knistudio.fr\/index.php\/wp-json\/wp\/v2\/product"}],"about":[{"href":"https:\/\/knistudio.fr\/index.php\/wp-json\/wp\/v2\/types\/product"}],"replies":[{"embeddable":true,"href":"https:\/\/knistudio.fr\/index.php\/wp-json\/wp\/v2\/comments?post=478"}],"wp:featuredmedia":[{"embeddable":true,"href":"https:\/\/knistudio.fr\/index.php\/wp-json\/wp\/v2\/media\/479"}],"wp:attachment":[{"href":"https:\/\/knistudio.fr\/index.php\/wp-json\/wp\/v2\/media?parent=478"}],"wp:term":[{"taxonomy":"product_brand","embeddable":true,"href":"https:\/\/knistudio.fr\/index.php\/wp-json\/wp\/v2\/product_brand?post=478"},{"taxonomy":"product_cat","embeddable":true,"href":"https:\/\/knistudio.fr\/index.php\/wp-json\/wp\/v2\/product_cat?post=478"},{"taxonomy":"product_tag","embeddable":true,"href":"https:\/\/knistudio.fr\/index.php\/wp-json\/wp\/v2\/product_tag?post=478"}],"curies":[{"name":"wp","href":"https:\/\/api.w.org\/{rel}","templated":true}]}}