{"id":473,"date":"2026-02-26T15:22:45","date_gmt":"2026-02-26T15:22:45","guid":{"rendered":"http:\/\/vbbecrh.cluster121.hosting.ovh.net\/?post_type=product&#038;p=473"},"modified":"2026-02-26T15:32:04","modified_gmt":"2026-02-26T15:32:04","slug":"shampooing-anti-chute-de-cheveux","status":"publish","type":"product","link":"https:\/\/knistudio.fr\/index.php\/produit\/shampooing-anti-chute-de-cheveux\/","title":{"rendered":"Shampooing Anti-chute de Cheveux"},"content":{"rendered":"<p>Shampooing qui participe \u00e0 r\u00e9duire la chute de cheveux, \u00e0 revitaliser le cuir chevelu et \u00e0 fortifier la tige capillaire, pour homme et femme. Il agit sur les cheveux et le cuir chevelu en leur donnant un aspect plus sain et plus brillant, et en apportant davantage de volume et de densit\u00e9. Il \u00e9vite la fragilit\u00e9 capillaire et renforce la r\u00e9sistance des cheveux. Formule innovante aux actifs revitalisants, hydratants et r\u00e9parateurs. pH dermocompatible.<\/p>\n<p>La liste des ingr\u00e9dients peut \u00eatre soumise \u00e0 des modifications, nous vous conseillons de v\u00e9rifier la liste figurant sur le produit achet\u00e9.<br \/>\nAqua, Sodium Lauryl Sulfate, Cocamidopropyl Betaine, Decyl Glucoside, Panthenol, Glycerin, Acrylates\/C10-30 Alkyl Acrylate Crosspolymer, PEG-7 Glyceryl Cocoate, Serenoa Serrulata Fruit Extract, Palmaria Palmata Extract, Niacinamide, Pyridoxine HCl, Arginine, Biotin, Zinc PCA, Copper Tripeptide-1, Glyceryl Caprylate, Hydroxypropyltrimonium Inulin, Levulinic Acid, Ethylhexylglycerin, Polyquaternium-10, Pentylene Glycol, Tetrasodium Glutamate Diacetate, Sodium Benzoate, Potassium Sorbate, Phenoxyethanol, Parfum.<\/p>\n","protected":false},"excerpt":{"rendered":"<div class=\"product attribute overview\">\n<div class=\"value\">Shampooing fortifiant et \u00e9nergisant du cuir chevelu pour le contr\u00f4le de la chute de cheveux.<\/div>\n<\/div>\n<div class=\"summary-review-wrapper\">\n<div class=\"product attribute size\">\n<div class=\"value\">225 ml<\/div>\n<\/div>\n<\/div>\n","protected":false},"featured_media":476,"comment_status":"open","ping_status":"closed","template":"","meta":[],"product_brand":[],"product_cat":[21],"product_tag":[],"class_list":{"0":"post-473","1":"product","2":"type-product","3":"status-publish","4":"has-post-thumbnail","6":"product_cat-soins-capillaire","8":"first","9":"instock","10":"shipping-taxable","11":"purchasable","12":"product-type-simple"},"_links":{"self":[{"href":"https:\/\/knistudio.fr\/index.php\/wp-json\/wp\/v2\/product\/473","targetHints":{"allow":["GET"]}}],"collection":[{"href":"https:\/\/knistudio.fr\/index.php\/wp-json\/wp\/v2\/product"}],"about":[{"href":"https:\/\/knistudio.fr\/index.php\/wp-json\/wp\/v2\/types\/product"}],"replies":[{"embeddable":true,"href":"https:\/\/knistudio.fr\/index.php\/wp-json\/wp\/v2\/comments?post=473"}],"wp:featuredmedia":[{"embeddable":true,"href":"https:\/\/knistudio.fr\/index.php\/wp-json\/wp\/v2\/media\/476"}],"wp:attachment":[{"href":"https:\/\/knistudio.fr\/index.php\/wp-json\/wp\/v2\/media?parent=473"}],"wp:term":[{"taxonomy":"product_brand","embeddable":true,"href":"https:\/\/knistudio.fr\/index.php\/wp-json\/wp\/v2\/product_brand?post=473"},{"taxonomy":"product_cat","embeddable":true,"href":"https:\/\/knistudio.fr\/index.php\/wp-json\/wp\/v2\/product_cat?post=473"},{"taxonomy":"product_tag","embeddable":true,"href":"https:\/\/knistudio.fr\/index.php\/wp-json\/wp\/v2\/product_tag?post=473"}],"curies":[{"name":"wp","href":"https:\/\/api.w.org\/{rel}","templated":true}]}}