{"id":357,"date":"2026-02-25T11:57:19","date_gmt":"2026-02-25T11:57:19","guid":{"rendered":"http:\/\/vbbecrh.cluster121.hosting.ovh.net\/?page_id=357"},"modified":"2026-03-31T07:58:08","modified_gmt":"2026-03-31T07:58:08","slug":"cryolipolyse-pressotherapie","status":"publish","type":"page","link":"https:\/\/knistudio.fr\/index.php\/cryolipolyse-pressotherapie\/","title":{"rendered":"Cryolipolyse &#038; Pressoth\u00e9rapie"},"content":{"rendered":"\n<div class=\"wp-block-media-text has-media-on-the-right is-stacked-on-mobile is-image-fill-element\"><div class=\"wp-block-media-text__content\">\n<div style=\"height:35px\" aria-hidden=\"true\" class=\"wp-block-spacer\"><\/div>\n\n\n\n<h2 class=\"wp-block-heading has-custom-chocolat-color has-text-color has-link-color has-playfair-display-font-family wp-elements-b4ae76f8f0735314a258d30dd67bd91a\">MINCEUR &amp; DRAINAGE<\/h2>\n\n\n\n<p class=\"has-custom-chocolat-color has-text-color has-link-color wp-elements-e2001eb6ef9b77898304fad072ecbbf2\">Chez <strong>KNI Studio<\/strong>, nous proposons des technologies non invasives permettant d\u2019agir sur les graisses localis\u00e9es, la qualit\u00e9 des tissus et la r\u00e9tention d\u2019eau.<\/p>\n\n\n\n<p class=\"has-custom-chocolat-color has-text-color has-link-color wp-elements-3445870ec4942c2f645dbfbcfbddc698\">Deux approches compl\u00e9mentaires pour redessiner la silhouette et am\u00e9liorer le confort corporel.<\/p>\n\n\n\n<h2 class=\"wp-block-heading has-custom-chocolat-color has-text-color has-link-color has-playfair-display-font-family wp-elements-42b021cfa874a61fde58b08c58f66e4a\">CRYOLIPOLYSE<\/h2>\n\n\n\n<h2 class=\"wp-block-heading has-custom-chocolat-color has-text-color has-link-color has-yaro-font-family has-large-font-size wp-elements-54c6f06c5ce812d1b9fe3d44d54169ee\">Cibler et r\u00e9duire les graisses localis\u00e9es<\/h2>\n\n\n\n<p class=\"has-custom-chocolat-color has-text-color has-link-color wp-elements-42cf2d35b2bbd20893a57b7130d4bd3d\">Cette technologie qui <strong>utilise le froid contr\u00f4l\u00e9<\/strong> pour provoquer l\u2019\u00e9limination progressive des cellules graisseuses sur des zones cibl\u00e9es.<\/p>\n\n\n\n<p class=\"has-custom-chocolat-color has-text-color has-link-color wp-elements-631ed113f38b1df568b0daa7dbf9ba82\">La cryolipolyse est particuli\u00e8rement indiqu\u00e9e pour :<\/p>\n\n\n\n<p class=\"has-custom-chocolat-color has-text-color has-link-color wp-elements-17a657e84d845c057ec64a23a8b3ee0e\">\u2022 Graisses localis\u00e9es r\u00e9sistantes<br>\u2022 Ventre<br>\u2022 Poign\u00e9es d\u2019amour<br>\u2022 Culotte de cheval<br>\u2022 Double menton<\/p>\n\n\n\n<p class=\"has-custom-chocolat-color has-text-color has-link-color wp-elements-1c18366822d5b03b0a2c69287726a531\">Elle <strong>ne remplace pas une perte de poids globale<\/strong> mais permet d\u2019affiner des zones sp\u00e9cifiques.<\/p>\n\n\n\n<div style=\"height:16px\" aria-hidden=\"true\" class=\"wp-block-spacer\"><\/div>\n\n\n\n<div class=\"wp-block-columns is-layout-flex wp-container-core-columns-is-layout-28f84493 wp-block-columns-is-layout-flex\">\n<div class=\"wp-block-column is-layout-flow wp-block-column-is-layout-flow\">\n<div class=\"wp-block-buttons is-layout-flex wp-block-buttons-is-layout-flex\">\n<div class=\"wp-block-button is-style-outline is-style-outline--1\"><a class=\"wp-block-button__link has-custom-abricot-color has-text-color has-link-color wp-element-button\" href=\"https:\/\/www.kalendes.com\/platform\/booking\/knistudio?rwg_token=AFd1xnFPtQU_Zt14y8XfERADI9mvMtR9MK3AwUO1h7usH3xL-QboLn54HgqpQbN2V8eZ6kXf8AhppwP2ojgIkdhtLF88wN2I2w%3D%3D\">R\u00e9server ma s\u00e9ance \u1409<\/a><\/div>\n<\/div>\n<\/div>\n\n\n\n<div class=\"wp-block-column is-layout-flow wp-block-column-is-layout-flow\">\n<div class=\"wp-block-buttons is-layout-flex wp-block-buttons-is-layout-flex\">\n<div class=\"wp-block-button is-style-outline is-style-outline--2\"><a class=\"wp-block-button__link has-custom-abricot-color has-text-color has-link-color wp-element-button\" href=\"https:\/\/knistudio.fr\/index.php\/nous-contacter\/\">En savoir plus \u1409<\/a><\/div>\n<\/div>\n<\/div>\n<\/div>\n<\/div><figure class=\"wp-block-media-text__media\"><img loading=\"lazy\" decoding=\"async\" width=\"1024\" height=\"1024\" src=\"http:\/\/vbbecrh.cluster121.hosting.ovh.net\/wp-content\/uploads\/2026\/02\/cryolipolyse-andrezieux-1024x1024.jpg\" alt=\"\" class=\"wp-image-371 size-full\" style=\"object-position:50% 50%\" srcset=\"https:\/\/knistudio.fr\/wp-content\/uploads\/2026\/02\/cryolipolyse-andrezieux-1024x1024.jpg 1024w, https:\/\/knistudio.fr\/wp-content\/uploads\/2026\/02\/cryolipolyse-andrezieux-300x300.jpg 300w, https:\/\/knistudio.fr\/wp-content\/uploads\/2026\/02\/cryolipolyse-andrezieux-150x150.jpg 150w, https:\/\/knistudio.fr\/wp-content\/uploads\/2026\/02\/cryolipolyse-andrezieux-768x768.jpg 768w, https:\/\/knistudio.fr\/wp-content\/uploads\/2026\/02\/cryolipolyse-andrezieux-1536x1536.jpg 1536w, https:\/\/knistudio.fr\/wp-content\/uploads\/2026\/02\/cryolipolyse-andrezieux-1320x1320.jpg 1320w, https:\/\/knistudio.fr\/wp-content\/uploads\/2026\/02\/cryolipolyse-andrezieux-600x600.jpg 600w, https:\/\/knistudio.fr\/wp-content\/uploads\/2026\/02\/cryolipolyse-andrezieux-100x100.jpg 100w, https:\/\/knistudio.fr\/wp-content\/uploads\/2026\/02\/cryolipolyse-andrezieux.jpg 1772w\" sizes=\"auto, (max-width: 1024px) 100vw, 1024px\" \/><\/figure><\/div>\n\n\n\n<div class=\"wp-block-media-text is-stacked-on-mobile is-image-fill-element\"><figure class=\"wp-block-media-text__media\"><img loading=\"lazy\" decoding=\"async\" width=\"1024\" height=\"1024\" src=\"http:\/\/vbbecrh.cluster121.hosting.ovh.net\/wp-content\/uploads\/2026\/02\/pressotherapie-andrezieux-1024x1024.jpg\" alt=\"\" class=\"wp-image-380 size-full\" style=\"object-position:50% 50%\" srcset=\"https:\/\/knistudio.fr\/wp-content\/uploads\/2026\/02\/pressotherapie-andrezieux-1024x1024.jpg 1024w, https:\/\/knistudio.fr\/wp-content\/uploads\/2026\/02\/pressotherapie-andrezieux-300x300.jpg 300w, https:\/\/knistudio.fr\/wp-content\/uploads\/2026\/02\/pressotherapie-andrezieux-150x150.jpg 150w, https:\/\/knistudio.fr\/wp-content\/uploads\/2026\/02\/pressotherapie-andrezieux-768x768.jpg 768w, https:\/\/knistudio.fr\/wp-content\/uploads\/2026\/02\/pressotherapie-andrezieux-1536x1536.jpg 1536w, https:\/\/knistudio.fr\/wp-content\/uploads\/2026\/02\/pressotherapie-andrezieux-1320x1320.jpg 1320w, https:\/\/knistudio.fr\/wp-content\/uploads\/2026\/02\/pressotherapie-andrezieux-600x600.jpg 600w, https:\/\/knistudio.fr\/wp-content\/uploads\/2026\/02\/pressotherapie-andrezieux-100x100.jpg 100w, https:\/\/knistudio.fr\/wp-content\/uploads\/2026\/02\/pressotherapie-andrezieux.jpg 1772w\" sizes=\"auto, (max-width: 1024px) 100vw, 1024px\" \/><\/figure><div class=\"wp-block-media-text__content\">\n<div style=\"height:25px\" aria-hidden=\"true\" class=\"wp-block-spacer\"><\/div>\n\n\n\n<h2 class=\"wp-block-heading has-custom-chocolat-color has-text-color has-link-color has-playfair-display-font-family wp-elements-3f61b91fadec99a49f4397364a069928\">PRESSOTH\u00c9RAPIE<\/h2>\n\n\n\n<h2 class=\"wp-block-heading has-custom-chocolat-color has-text-color has-link-color has-yaro-font-family has-large-font-size wp-elements-497ab8af632e4c259e5c0d5c0aab5728\">Drainage &amp; l\u00e9g\u00e8ret\u00e9<\/h2>\n\n\n\n<p class=\"has-custom-chocolat-color has-text-color has-link-color wp-elements-8d311b4c1e3525b7fce7548a73864736\">La pressoth\u00e9rapie est un traitement m\u00e9canique par compression s\u00e9quentielle <strong>favorisant la circulation sanguine et lymphatique.<\/strong><\/p>\n\n\n\n<p class=\"has-custom-chocolat-color has-text-color has-link-color wp-elements-53478fdc0db617ec9c7472f8873731a1\">Elle agit par un syst\u00e8me de bottes ou manchons gonflables qui exercent des pressions rythm\u00e9es.<\/p>\n\n\n\n<h2 class=\"wp-block-heading has-custom-chocolat-color has-text-color has-link-color has-yaro-font-family has-large-font-size wp-elements-39eb4323571de99068fbc44e92ddbb68\">B\u00e9n\u00e9fices<\/h2>\n\n\n\n<p class=\"has-custom-chocolat-color has-text-color has-link-color wp-elements-0a94018787c48d85875a008aadf09150\">\u2714 Am\u00e9lioration du drainage lymphatique<br>\u2714 Sensation de l\u00e9g\u00e8ret\u00e9 imm\u00e9diate<br>\u2714 Am\u00e9lioration de la texture cutan\u00e9e<br>\u2714 Optimisation des protocoles minceur<\/p>\n\n\n\n<p class=\"has-custom-chocolat-color has-text-color has-link-color wp-elements-79071147b9066b26834a5ec3b571f402\">La pressoth\u00e9rapie est id\u00e9ale en compl\u00e9ment de la cryolipolyse ou d\u2019un programme minceur.<\/p>\n\n\n\n<div style=\"height:20px\" aria-hidden=\"true\" class=\"wp-block-spacer\"><\/div>\n\n\n\n<div class=\"wp-block-columns is-layout-flex wp-container-core-columns-is-layout-28f84493 wp-block-columns-is-layout-flex\">\n<div class=\"wp-block-column is-layout-flow wp-block-column-is-layout-flow\">\n<div class=\"wp-block-buttons is-layout-flex wp-block-buttons-is-layout-flex\">\n<div class=\"wp-block-button is-style-outline is-style-outline--3\"><a class=\"wp-block-button__link has-custom-abricot-color has-text-color has-link-color wp-element-button\" href=\"https:\/\/www.kalendes.com\/platform\/booking\/knistudio?rwg_token=AFd1xnFPtQU_Zt14y8XfERADI9mvMtR9MK3AwUO1h7usH3xL-QboLn54HgqpQbN2V8eZ6kXf8AhppwP2ojgIkdhtLF88wN2I2w%3D%3D\">R\u00e9server ma s\u00e9ance \u1409<\/a><\/div>\n<\/div>\n<\/div>\n\n\n\n<div class=\"wp-block-column is-layout-flow wp-block-column-is-layout-flow\">\n<div class=\"wp-block-buttons is-layout-flex wp-block-buttons-is-layout-flex\">\n<div class=\"wp-block-button is-style-outline is-style-outline--4\"><a class=\"wp-block-button__link has-custom-abricot-color has-text-color has-link-color wp-element-button\" href=\"https:\/\/knistudio.fr\/index.php\/nous-contacter\/\">En savoir plus \u1409<\/a><\/div>\n<\/div>\n<\/div>\n<\/div>\n<\/div><\/div>\n","protected":false},"excerpt":{"rendered":"","protected":false},"author":1,"featured_media":0,"parent":0,"menu_order":0,"comment_status":"closed","ping_status":"closed","template":"","meta":{"footnotes":""},"class_list":["post-357","page","type-page","status-publish","hentry"],"_links":{"self":[{"href":"https:\/\/knistudio.fr\/index.php\/wp-json\/wp\/v2\/pages\/357","targetHints":{"allow":["GET"]}}],"collection":[{"href":"https:\/\/knistudio.fr\/index.php\/wp-json\/wp\/v2\/pages"}],"about":[{"href":"https:\/\/knistudio.fr\/index.php\/wp-json\/wp\/v2\/types\/page"}],"author":[{"embeddable":true,"href":"https:\/\/knistudio.fr\/index.php\/wp-json\/wp\/v2\/users\/1"}],"replies":[{"embeddable":true,"href":"https:\/\/knistudio.fr\/index.php\/wp-json\/wp\/v2\/comments?post=357"}],"version-history":[{"count":22,"href":"https:\/\/knistudio.fr\/index.php\/wp-json\/wp\/v2\/pages\/357\/revisions"}],"predecessor-version":[{"id":680,"href":"https:\/\/knistudio.fr\/index.php\/wp-json\/wp\/v2\/pages\/357\/revisions\/680"}],"wp:attachment":[{"href":"https:\/\/knistudio.fr\/index.php\/wp-json\/wp\/v2\/media?parent=357"}],"curies":[{"name":"wp","href":"https:\/\/api.w.org\/{rel}","templated":true}]}}