{"id":213,"date":"2026-02-24T17:23:42","date_gmt":"2026-02-24T17:23:42","guid":{"rendered":"http:\/\/vbbecrh.cluster121.hosting.ovh.net\/?page_id=213"},"modified":"2026-03-31T07:54:15","modified_gmt":"2026-03-31T07:54:15","slug":"mesoestetic-visage","status":"publish","type":"page","link":"https:\/\/knistudio.fr\/index.php\/mesoestetic-visage\/","title":{"rendered":"Mesoestetic\u00ae Visage"},"content":{"rendered":"\n<div class=\"wp-block-media-text has-media-on-the-right is-stacked-on-mobile\" style=\"margin-top:0;margin-bottom:0;padding-right:0;padding-left:0\"><div class=\"wp-block-media-text__content\">\n<h2 class=\"wp-block-heading has-custom-chocolat-color has-text-color has-link-color has-playfair-display-font-family has-x-large-font-size wp-elements-1b5026b80bbc6cb4c06d5e033c5bf4ba\">SOINS VISAGE AVANC\u00c9S<\/h2>\n\n\n\n<h3 class=\"wp-block-heading has-custom-chocolat-color has-text-color has-link-color has-playfair-display-font-family wp-elements-fa35b09e73a9290f03ee66374f6494d0\"><em>L\u2019expertise Mesoestetic\u00ae chez KNI Studio<\/em><\/h3>\n\n\n\n<p class=\"has-custom-chocolat-color has-text-color has-link-color wp-elements-163526564706e6e01bbd888ce6bf8ad8\">Chez <strong>KNI Studio<\/strong>, nous proposons des soins visage nouvelle g\u00e9n\u00e9ration, combinant technologie, pr\u00e9cision et actifs professionnels <strong>Mesoestetic<\/strong>\u00ae.<\/p>\n\n\n\n<p class=\"has-custom-chocolat-color has-text-color has-link-color wp-elements-d9a2b6253a013074892284dc9fbc827e\">Chaque protocole est pr\u00e9c\u00e9d\u00e9 d\u2019un diagnostic personnalis\u00e9 afin d\u2019adapter le traitement \u00e0 votre peau et \u00e0 vos objectifs.<\/p>\n\n\n\n<p class=\"has-custom-chocolat-color has-text-color has-link-color wp-elements-5d2927455a32b8aa570e41c559c050ea\"><em>\u2022 Diagnostic personnalis\u00e9<br>\u2022 Protocoles professionnels<br>\u2022 Produits officiels Mesoestetic\u00ae<br>\u2022 Expertise esth\u00e9tique avanc\u00e9e<br>\u2022 Suivi post-soin <\/em><\/p>\n<\/div><figure class=\"wp-block-media-text__media\"><img loading=\"lazy\" decoding=\"async\" width=\"1024\" height=\"1024\" src=\"http:\/\/vbbecrh.cluster121.hosting.ovh.net\/wp-content\/uploads\/2026\/02\/mesoestetic-SOINS-VISAGE-EXPERT-CLINIQUE-1024x1024.jpg\" alt=\"\" class=\"wp-image-223 size-full\" srcset=\"https:\/\/knistudio.fr\/wp-content\/uploads\/2026\/02\/mesoestetic-SOINS-VISAGE-EXPERT-CLINIQUE-1024x1024.jpg 1024w, https:\/\/knistudio.fr\/wp-content\/uploads\/2026\/02\/mesoestetic-SOINS-VISAGE-EXPERT-CLINIQUE-300x300.jpg 300w, https:\/\/knistudio.fr\/wp-content\/uploads\/2026\/02\/mesoestetic-SOINS-VISAGE-EXPERT-CLINIQUE-150x150.jpg 150w, https:\/\/knistudio.fr\/wp-content\/uploads\/2026\/02\/mesoestetic-SOINS-VISAGE-EXPERT-CLINIQUE-768x768.jpg 768w, https:\/\/knistudio.fr\/wp-content\/uploads\/2026\/02\/mesoestetic-SOINS-VISAGE-EXPERT-CLINIQUE-1536x1536.jpg 1536w, https:\/\/knistudio.fr\/wp-content\/uploads\/2026\/02\/mesoestetic-SOINS-VISAGE-EXPERT-CLINIQUE-1320x1320.jpg 1320w, https:\/\/knistudio.fr\/wp-content\/uploads\/2026\/02\/mesoestetic-SOINS-VISAGE-EXPERT-CLINIQUE-600x600.jpg 600w, https:\/\/knistudio.fr\/wp-content\/uploads\/2026\/02\/mesoestetic-SOINS-VISAGE-EXPERT-CLINIQUE-100x100.jpg 100w, https:\/\/knistudio.fr\/wp-content\/uploads\/2026\/02\/mesoestetic-SOINS-VISAGE-EXPERT-CLINIQUE.jpg 1772w\" sizes=\"auto, (max-width: 1024px) 100vw, 1024px\" \/><\/figure><\/div>\n\n\n\n<div class=\"wp-block-media-text is-stacked-on-mobile is-image-fill-element\" style=\"margin-top:0;margin-bottom:0\"><figure class=\"wp-block-media-text__media\"><img loading=\"lazy\" decoding=\"async\" width=\"1024\" height=\"1024\" src=\"http:\/\/vbbecrh.cluster121.hosting.ovh.net\/wp-content\/uploads\/2026\/02\/peeling-mesoestetic-1024x1024.jpg\" alt=\"\" class=\"wp-image-239 size-full\" style=\"object-position:50% 50%\" srcset=\"https:\/\/knistudio.fr\/wp-content\/uploads\/2026\/02\/peeling-mesoestetic-1024x1024.jpg 1024w, https:\/\/knistudio.fr\/wp-content\/uploads\/2026\/02\/peeling-mesoestetic-300x300.jpg 300w, https:\/\/knistudio.fr\/wp-content\/uploads\/2026\/02\/peeling-mesoestetic-150x150.jpg 150w, https:\/\/knistudio.fr\/wp-content\/uploads\/2026\/02\/peeling-mesoestetic-768x768.jpg 768w, https:\/\/knistudio.fr\/wp-content\/uploads\/2026\/02\/peeling-mesoestetic-1536x1536.jpg 1536w, https:\/\/knistudio.fr\/wp-content\/uploads\/2026\/02\/peeling-mesoestetic-1320x1320.jpg 1320w, https:\/\/knistudio.fr\/wp-content\/uploads\/2026\/02\/peeling-mesoestetic-600x600.jpg 600w, https:\/\/knistudio.fr\/wp-content\/uploads\/2026\/02\/peeling-mesoestetic-100x100.jpg 100w, https:\/\/knistudio.fr\/wp-content\/uploads\/2026\/02\/peeling-mesoestetic.jpg 1772w\" sizes=\"auto, (max-width: 1024px) 100vw, 1024px\" \/><\/figure><div class=\"wp-block-media-text__content\">\n<div style=\"height:25px\" aria-hidden=\"true\" class=\"wp-block-spacer\"><\/div>\n\n\n\n<h2 class=\"wp-block-heading has-custom-chocolat-color has-text-color has-link-color has-playfair-display-font-family has-x-large-font-size wp-elements-141840c41d2ce188f0af02c86393abe0\">PEELING PROFESSIONNEL<\/h2>\n\n\n\n<h2 class=\"wp-block-heading has-custom-chocolat-color has-text-color has-link-color has-yaro-font-family has-large-font-size wp-elements-c3d4cbc8ac61b8baff3aca82b3b95948\">Renouvellement cutan\u00e9 contr\u00f4l\u00e9 &amp; correction cibl\u00e9e<\/h2>\n\n\n\n<p class=\"has-custom-chocolat-color has-text-color has-link-color wp-elements-9721359340954668fd802787b0dd9fa2\">Le peeling professionnel est un acte dermo-esth\u00e9tique visant \u00e0 stimuler le renouvellement cellulaire par une exfoliation chimique ma\u00eetris\u00e9e.<\/p>\n\n\n\n<p class=\"has-custom-chocolat-color has-text-color has-link-color wp-elements-d4d982b9db7a88fc72479b404e982ad8\">Chez <strong>KNI Studio<\/strong>, nous travaillons avec les protocoles <strong>Mesoestetic<\/strong>\u00ae, reconnus pour leur pr\u00e9cision et leur efficacit\u00e9 en cosm\u00e9tique m\u00e9dicale.<\/p>\n\n\n\n<p class=\"has-custom-chocolat-color has-text-color has-link-color wp-elements-5735f99171ce841d4bbd418865fa03cb\">Le peeling professionnel Mesoestetic\u00ae permet de traiter diff\u00e9rentes probl\u00e9matiques cutan\u00e9es gr\u00e2ce \u00e0 une exfoliation contr\u00f4l\u00e9e et cibl\u00e9e.<\/p>\n\n\n\n<p class=\"has-custom-chocolat-color has-text-color has-link-color wp-elements-5bf027b3e621f9b8d0d2f0128b6a1555\">\u2022 Traitement anti-\u00e2ge<\/p>\n\n\n\n<p class=\"has-custom-chocolat-color has-text-color has-link-color wp-elements-e5116d4d7c2f16cc0b3080357af9d797\">\u2022 Traitement de l\u2019acn\u00e9 &amp; imperfections<\/p>\n\n\n\n<p class=\"has-custom-chocolat-color has-text-color has-link-color wp-elements-a902a0b82da24cc690eb5476ed27bc89\">\u2022 Traitement de l&rsquo;\u00e9clat de la peau <\/p>\n\n\n\n<div style=\"height:20px\" aria-hidden=\"true\" class=\"wp-block-spacer\"><\/div>\n\n\n\n<div class=\"wp-block-columns is-layout-flex wp-container-core-columns-is-layout-28f84493 wp-block-columns-is-layout-flex\">\n<div class=\"wp-block-column is-layout-flow wp-block-column-is-layout-flow\">\n<div class=\"wp-block-buttons is-layout-flex wp-block-buttons-is-layout-flex\">\n<div class=\"wp-block-button is-style-outline is-style-outline--1\"><a class=\"wp-block-button__link has-custom-chocolat-color has-text-color has-link-color has-yaro-font-family wp-element-button\" href=\"https:\/\/www.kalendes.com\/platform\/booking\/knistudio?rwg_token=AFd1xnFPtQU_Zt14y8XfERADI9mvMtR9MK3AwUO1h7usH3xL-QboLn54HgqpQbN2V8eZ6kXf8AhppwP2ojgIkdhtLF88wN2I2w%3D%3D\">R\u00e9server ma s\u00e9ance \u1409<\/a><\/div>\n<\/div>\n<\/div>\n\n\n\n<div class=\"wp-block-column is-layout-flow wp-block-column-is-layout-flow\">\n<div class=\"wp-block-buttons is-layout-flex wp-block-buttons-is-layout-flex\">\n<div class=\"wp-block-button is-style-outline is-style-outline--2\"><a class=\"wp-block-button__link has-custom-chocolat-color has-text-color has-link-color has-yaro-font-family wp-element-button\" href=\"https:\/\/knistudio.fr\/index.php\/nous-contacter\/\">En savoir plus \u1409<\/a><\/div>\n<\/div>\n<\/div>\n<\/div>\n<\/div><\/div>\n\n\n\n<div class=\"wp-block-media-text has-media-on-the-right is-stacked-on-mobile is-image-fill-element\"><div class=\"wp-block-media-text__content\">\n<div style=\"height:25px\" aria-hidden=\"true\" class=\"wp-block-spacer\"><\/div>\n\n\n\n<h2 class=\"wp-block-heading has-custom-chocolat-color has-text-color has-link-color has-playfair-display-font-family has-x-large-font-size wp-elements-ea317ea478224aaaf1e9b2a0140177e2\">MICRONEEDLING PROFESSIONNEL<\/h2>\n\n\n\n<h2 class=\"wp-block-heading has-custom-chocolat-color has-text-color has-link-color has-yaro-font-family has-large-font-size wp-elements-a7e60bcf009aa7c09033ca83824d406f\">Stimulation cutan\u00e9e &amp; r\u00e9g\u00e9n\u00e9ration profonde<\/h2>\n\n\n\n<p class=\"has-custom-chocolat-color has-text-color has-link-color wp-elements-f99ef31c698d28b2f9833daf954fad13\">Le microneedling est une technique de <strong>stimulation m\u00e9canique contr\u00f4l\u00e9e<\/strong> visant \u00e0 activer les m\u00e9canismes naturels de r\u00e9paration de la peau. Chez <strong>KNI Studio<\/strong>, le protocole est r\u00e9alis\u00e9 avec des dispositifs professionnels et des <strong>s\u00e9rums hautement concentr\u00e9s<\/strong> afin d\u2019optimiser les r\u00e9sultats tout en respectant l\u2019int\u00e9grit\u00e9 cutan\u00e9e.<\/p>\n\n\n\n<h2 class=\"wp-block-heading has-custom-chocolat-color has-text-color has-link-color has-yaro-font-family has-large-font-size wp-elements-d212bde6e68127dfd3eda52117819bcb\">Principe d\u2019action<\/h2>\n\n\n\n<p class=\"has-custom-chocolat-color has-text-color has-link-color wp-elements-6e5108f2da8a64210cedf5b6d76691d1\">Ces micro-stimulations permettent :<\/p>\n\n\n\n<p class=\"has-custom-chocolat-color has-text-color has-link-color wp-elements-5c62af72d9c7ba234bd5f67b84008f59\">\u2714 La stimulation de la production de collag\u00e8ne<br>\u2714 L\u2019activation de l\u2019\u00e9lastine<br>\u2714 L\u2019am\u00e9lioration de la densit\u00e9 cutan\u00e9e<br>\u2714 Une meilleure p\u00e9n\u00e9tration des actifs sp\u00e9cifiques<\/p>\n\n\n\n<p class=\"has-custom-chocolat-color has-text-color has-link-color wp-elements-367a88f795f6c8a3337e7ae313665286\">La peau enclenche naturellement un <strong>processus de r\u00e9g\u00e9n\u00e9ration.<\/strong><\/p>\n\n\n\n<div style=\"height:20px\" aria-hidden=\"true\" class=\"wp-block-spacer\"><\/div>\n\n\n\n<div class=\"wp-block-columns is-layout-flex wp-container-core-columns-is-layout-28f84493 wp-block-columns-is-layout-flex\">\n<div class=\"wp-block-column is-layout-flow wp-block-column-is-layout-flow\">\n<div class=\"wp-block-buttons is-layout-flex wp-block-buttons-is-layout-flex\">\n<div class=\"wp-block-button is-style-outline is-style-outline--3\"><a class=\"wp-block-button__link has-custom-chocolat-color has-text-color has-link-color has-yaro-font-family wp-element-button\" href=\"https:\/\/www.kalendes.com\/platform\/booking\/knistudio?rwg_token=AFd1xnFPtQU_Zt14y8XfERADI9mvMtR9MK3AwUO1h7usH3xL-QboLn54HgqpQbN2V8eZ6kXf8AhppwP2ojgIkdhtLF88wN2I2w%3D%3D\">R\u00e9server ma s\u00e9ance \u1409<\/a><\/div>\n<\/div>\n<\/div>\n\n\n\n<div class=\"wp-block-column is-layout-flow wp-block-column-is-layout-flow\">\n<div class=\"wp-block-buttons is-layout-flex wp-block-buttons-is-layout-flex\">\n<div class=\"wp-block-button is-style-outline is-style-outline--4\"><a class=\"wp-block-button__link has-custom-chocolat-color has-text-color has-link-color has-yaro-font-family wp-element-button\" href=\"https:\/\/knistudio.fr\/index.php\/nous-contacter\/\">En savoir plus \u1409<\/a><\/div>\n<\/div>\n<\/div>\n<\/div>\n<\/div><figure class=\"wp-block-media-text__media\"><img loading=\"lazy\" decoding=\"async\" width=\"1024\" height=\"1024\" src=\"http:\/\/vbbecrh.cluster121.hosting.ovh.net\/wp-content\/uploads\/2026\/02\/microneedling-chez-kni-studio-1024x1024.jpg\" alt=\"\" class=\"wp-image-246 size-full\" style=\"object-position:50% 50%\" srcset=\"https:\/\/knistudio.fr\/wp-content\/uploads\/2026\/02\/microneedling-chez-kni-studio-1024x1024.jpg 1024w, https:\/\/knistudio.fr\/wp-content\/uploads\/2026\/02\/microneedling-chez-kni-studio-300x300.jpg 300w, https:\/\/knistudio.fr\/wp-content\/uploads\/2026\/02\/microneedling-chez-kni-studio-150x150.jpg 150w, https:\/\/knistudio.fr\/wp-content\/uploads\/2026\/02\/microneedling-chez-kni-studio-768x768.jpg 768w, https:\/\/knistudio.fr\/wp-content\/uploads\/2026\/02\/microneedling-chez-kni-studio-1536x1536.jpg 1536w, https:\/\/knistudio.fr\/wp-content\/uploads\/2026\/02\/microneedling-chez-kni-studio-1320x1320.jpg 1320w, https:\/\/knistudio.fr\/wp-content\/uploads\/2026\/02\/microneedling-chez-kni-studio-600x600.jpg 600w, https:\/\/knistudio.fr\/wp-content\/uploads\/2026\/02\/microneedling-chez-kni-studio-100x100.jpg 100w, https:\/\/knistudio.fr\/wp-content\/uploads\/2026\/02\/microneedling-chez-kni-studio.jpg 1772w\" sizes=\"auto, (max-width: 1024px) 100vw, 1024px\" \/><\/figure><\/div>\n\n\n\n<div class=\"wp-block-media-text is-stacked-on-mobile is-image-fill-element\"><figure class=\"wp-block-media-text__media\"><img loading=\"lazy\" decoding=\"async\" width=\"1024\" height=\"1024\" src=\"http:\/\/vbbecrh.cluster121.hosting.ovh.net\/wp-content\/uploads\/2026\/02\/bbglow-kni-studio-andrezieux-1024x1024.jpg\" alt=\"\" class=\"wp-image-256 size-full\" style=\"object-position:50% 50%\" srcset=\"https:\/\/knistudio.fr\/wp-content\/uploads\/2026\/02\/bbglow-kni-studio-andrezieux-1024x1024.jpg 1024w, https:\/\/knistudio.fr\/wp-content\/uploads\/2026\/02\/bbglow-kni-studio-andrezieux-300x300.jpg 300w, https:\/\/knistudio.fr\/wp-content\/uploads\/2026\/02\/bbglow-kni-studio-andrezieux-150x150.jpg 150w, https:\/\/knistudio.fr\/wp-content\/uploads\/2026\/02\/bbglow-kni-studio-andrezieux-768x768.jpg 768w, https:\/\/knistudio.fr\/wp-content\/uploads\/2026\/02\/bbglow-kni-studio-andrezieux-1536x1536.jpg 1536w, https:\/\/knistudio.fr\/wp-content\/uploads\/2026\/02\/bbglow-kni-studio-andrezieux-1320x1320.jpg 1320w, https:\/\/knistudio.fr\/wp-content\/uploads\/2026\/02\/bbglow-kni-studio-andrezieux-600x600.jpg 600w, https:\/\/knistudio.fr\/wp-content\/uploads\/2026\/02\/bbglow-kni-studio-andrezieux-100x100.jpg 100w, https:\/\/knistudio.fr\/wp-content\/uploads\/2026\/02\/bbglow-kni-studio-andrezieux.jpg 1772w\" sizes=\"auto, (max-width: 1024px) 100vw, 1024px\" \/><\/figure><div class=\"wp-block-media-text__content\">\n<div style=\"height:25px\" aria-hidden=\"true\" class=\"wp-block-spacer\"><\/div>\n\n\n\n<p class=\"has-custom-chocolat-color has-text-color has-link-color has-playfair-display-font-family has-x-large-font-size wp-elements-f7ce6130cf6a8d3b6a01d2730bfd59f6\"><strong>OPTION BB GLOW<\/strong><\/p>\n\n\n\n<h2 class=\"wp-block-heading has-custom-chocolat-color has-text-color has-link-color has-yaro-font-family has-large-font-size wp-elements-dbd9cbbfb52ef9845e7f95663959efb0\">Teint unifi\u00e9 &amp; effet bonne mine longue dur\u00e9e<\/h2>\n\n\n\n<p class=\"has-custom-chocolat-color has-text-color has-link-color wp-elements-bb35562eb89e3ae77730ac201fec8238\">Le <strong>BB Glow<\/strong> est un protocole dermo-esth\u00e9tique r\u00e9alis\u00e9 \u00e0 l\u2019aide d\u2019une micro-stimulation contr\u00f4l\u00e9e permettant d\u2019infuser des s\u00e9rums teint\u00e9s sp\u00e9cifiques dans les couches superficielles de la peau.<\/p>\n\n\n\n<p class=\"has-custom-chocolat-color has-text-color has-link-color wp-elements-20cedeebd514a4b217fd05f2660fa883\">Il est propos\u00e9 en compl\u00e9ment du microneedling afin d\u2019am\u00e9liorer visuellement l\u2019uniformit\u00e9 du teint tout en apportant un effet lumineux naturel.<\/p>\n\n\n\n<p class=\"has-custom-chocolat-color has-text-color has-link-color wp-elements-03905f25eb43721c249d46fadbdaf7a2\">Gr\u00e2ce aux micro-perforations superficielles, la peau re\u00e7oit :<\/p>\n\n\n\n<p class=\"has-custom-chocolat-color has-text-color has-link-color wp-elements-8fab4b36449b11a575000091f226033c\"><strong>\u2022 Des actifs hydratants<br>\u2022 Des agents illuminateurs<br>\u2022 Des pigments correcteurs adapt\u00e9s au phototype<\/strong><\/p>\n\n\n\n<p class=\"has-custom-chocolat-color has-text-color has-link-color wp-elements-e83848edafcdb0cb4e8a96bdb114fa74\">Ce proc\u00e9d\u00e9 permet d\u2019obtenir <strong>un effet \u201cpeau parfaite\u201d sans maquillage, tout en respectant l\u2019\u00e9quilibre cutan\u00e9.<\/strong><\/p>\n\n\n\n<p class=\"has-custom-chocolat-color has-text-color has-link-color wp-elements-e3ea4785c1c9522193a4a5fab46e1a16\">Le BB Glow ne remplace pas un fond de teint permanent.<br>Il am\u00e9liore visuellement la qualit\u00e9 et l\u2019homog\u00e9n\u00e9it\u00e9 du teint de mani\u00e8re progressive et naturelle.<\/p>\n\n\n\n<div style=\"height:20px\" aria-hidden=\"true\" class=\"wp-block-spacer\"><\/div>\n\n\n\n<div class=\"wp-block-columns is-layout-flex wp-container-core-columns-is-layout-28f84493 wp-block-columns-is-layout-flex\">\n<div class=\"wp-block-column is-layout-flow wp-block-column-is-layout-flow\">\n<div class=\"wp-block-buttons is-layout-flex wp-block-buttons-is-layout-flex\">\n<div class=\"wp-block-button is-style-outline is-style-outline--5\"><a class=\"wp-block-button__link has-custom-chocolat-color has-text-color has-link-color wp-element-button\" href=\"https:\/\/www.kalendes.com\/platform\/booking\/knistudio?rwg_token=AFd1xnFPtQU_Zt14y8XfERADI9mvMtR9MK3AwUO1h7usH3xL-QboLn54HgqpQbN2V8eZ6kXf8AhppwP2ojgIkdhtLF88wN2I2w%3D%3D\">R\u00e9server ma s\u00e9ance \u1409<\/a><\/div>\n<\/div>\n<\/div>\n\n\n\n<div class=\"wp-block-column is-layout-flow wp-block-column-is-layout-flow\">\n<div class=\"wp-block-buttons is-layout-flex wp-block-buttons-is-layout-flex\">\n<div class=\"wp-block-button is-style-outline is-style-outline--6\"><a class=\"wp-block-button__link has-custom-chocolat-color has-text-color has-link-color wp-element-button\" href=\"https:\/\/knistudio.fr\/index.php\/nous-contacter\/\">En savoir plus \u1409<\/a><\/div>\n<\/div>\n<\/div>\n<\/div>\n<\/div><\/div>\n","protected":false},"excerpt":{"rendered":"<p>SOINS VISAGE AVANC\u00c9S L\u2019expertise Mesoestetic\u00ae chez KNI Studio Chez KNI Studio, nous proposons des soins visage nouvelle g\u00e9n\u00e9ration, combinant technologie, pr\u00e9cision et actifs professionnels Mesoestetic\u00ae. Chaque protocole est pr\u00e9c\u00e9d\u00e9 d\u2019un diagnostic personnalis\u00e9 afin d\u2019adapter le traitement \u00e0 votre peau et \u00e0 vos objectifs. \u2022 Diagnostic personnalis\u00e9\u2022 Protocoles professionnels\u2022 Produits officiels Mesoestetic\u00ae\u2022 Expertise esth\u00e9tique avanc\u00e9e\u2022 Suivi [&hellip;]<\/p>\n","protected":false},"author":1,"featured_media":0,"parent":0,"menu_order":0,"comment_status":"closed","ping_status":"closed","template":"","meta":{"footnotes":""},"class_list":["post-213","page","type-page","status-publish","hentry"],"_links":{"self":[{"href":"https:\/\/knistudio.fr\/index.php\/wp-json\/wp\/v2\/pages\/213","targetHints":{"allow":["GET"]}}],"collection":[{"href":"https:\/\/knistudio.fr\/index.php\/wp-json\/wp\/v2\/pages"}],"about":[{"href":"https:\/\/knistudio.fr\/index.php\/wp-json\/wp\/v2\/types\/page"}],"author":[{"embeddable":true,"href":"https:\/\/knistudio.fr\/index.php\/wp-json\/wp\/v2\/users\/1"}],"replies":[{"embeddable":true,"href":"https:\/\/knistudio.fr\/index.php\/wp-json\/wp\/v2\/comments?post=213"}],"version-history":[{"count":49,"href":"https:\/\/knistudio.fr\/index.php\/wp-json\/wp\/v2\/pages\/213\/revisions"}],"predecessor-version":[{"id":675,"href":"https:\/\/knistudio.fr\/index.php\/wp-json\/wp\/v2\/pages\/213\/revisions\/675"}],"wp:attachment":[{"href":"https:\/\/knistudio.fr\/index.php\/wp-json\/wp\/v2\/media?parent=213"}],"curies":[{"name":"wp","href":"https:\/\/api.w.org\/{rel}","templated":true}]}}